{"id":1750,"date":"2026-02-10T10:11:03","date_gmt":"2026-02-10T09:11:03","guid":{"rendered":"https:\/\/www.boostwellness.be\/emballages\/"},"modified":"2026-04-02T15:54:18","modified_gmt":"2026-04-02T13:54:18","slug":"emballages","status":"publish","type":"page","link":"https:\/\/www.boostwellness.be\/fr\/emballages\/","title":{"rendered":"Emballages"},"content":{"rendered":"<!--\n    Title: Hero\n-->\n\n<section class=\"gc-hero gc-hero--margin-bottom\" x-data=\"hero\" x-init=\"init\" @scroll.window=\"onScroll\">\n    <!--\n    Title: Container\n    Mode: preview\n    SupportsJSX: true\n    Blueprint: false\n-->\n\n\n<div class=\"gc-container gc-container--narrow gc-hero__container\">\n    <div class=\"gc-hero__wrapper gc-hero__wrapper--center\">\n                            <div class=\"gc-breadcrumbs gc-hero__breadcrumbs\">\n    <\/div>\n                        <h1 class=\"gc-hero__title\" data-aos=\"fade-up\" data-aos-delay=\"150\">\n                Emballages\n            <\/h1>\n            <div class=\"gc-hero__content\" data-aos=\"fade-up\" data-aos-delay=\"300\">\n                <p>\u00c9chappez \u00e0 l&rsquo;agitation gr\u00e2ce \u00e0 nos forfaits bien-\u00eatre apaisants.<br \/>\nProfitez d&rsquo;un moment de d\u00e9tente et de chouchoutage, cr\u00e9\u00e9 sp\u00e9cialement pour vous.<\/p>\n\n            <\/div>\n                                        <div class=\"gc-hero__decorator\" data-aos=\"fade-up\" data-aos-delay=\"600\"><\/div>\n                    <\/div>\n<\/div>\n    <div class=\"gc-hero__parallax\" data-aos=zoom-in>\n                    <img fetchpriority=\"high\" width=\"1679\" height=\"856\" src=\"https:\/\/cdn.boostwellness.be\/wp-content\/uploads\/2025-10-21_VDV_Beveren_0538-1.jpg\" class=\"gc-hero__image\" alt=\"\" loading=\"eager\" decoding=\"sync\" style=\"transform: translateY(0px);\" x-ref=\"image\" srcset=\"https:\/\/cdn.boostwellness.be\/wp-content\/uploads\/2025-10-21_VDV_Beveren_0538-1.jpg 1679w, https:\/\/cdn.boostwellness.be\/wp-content\/uploads\/2025-10-21_VDV_Beveren_0538-1-300x153.jpg 300w, https:\/\/cdn.boostwellness.be\/wp-content\/uploads\/2025-10-21_VDV_Beveren_0538-1-1024x522.jpg 1024w, https:\/\/cdn.boostwellness.be\/wp-content\/uploads\/2025-10-21_VDV_Beveren_0538-1-768x392.jpg 768w, https:\/\/cdn.boostwellness.be\/wp-content\/uploads\/2025-10-21_VDV_Beveren_0538-1-1536x783.jpg 1536w\" sizes=\"(max-width: 1679px) 100vw, 1679px\" \/>            <\/div>\n<\/section>\n<!--\n    Title: Content with visual\n-->\n\n<section class=\"gc-cwv gc-cwv--smaller-bottom-margin\">\n    <!--\n    Title: Container\n    Mode: preview\n    SupportsJSX: true\n    Blueprint: false\n-->\n\n\n<div class=\"gc-container gc-container--has-margin gc-cwv__container\">\n    <div class=\"gc-cwv__first-column\">\n            <figure class=\"gc-cwv__image-wrapper\">\n            <img decoding=\"async\" width=\"735\" height=\"1024\" src=\"https:\/\/cdn.boostwellness.be\/wp-content\/uploads\/2025-10-21_VDV_Beveren_0770-735x1024.jpg\" class=\"gc-cwv__image\" alt=\"\" data-no-lazy=\"\" data-aos=\"fade-up\" data-aos-delay=\"200\" srcset=\"https:\/\/cdn.boostwellness.be\/wp-content\/uploads\/2025-10-21_VDV_Beveren_0770-735x1024.jpg 735w, https:\/\/cdn.boostwellness.be\/wp-content\/uploads\/2025-10-21_VDV_Beveren_0770-215x300.jpg 215w, https:\/\/cdn.boostwellness.be\/wp-content\/uploads\/2025-10-21_VDV_Beveren_0770-768x1070.jpg 768w, https:\/\/cdn.boostwellness.be\/wp-content\/uploads\/2025-10-21_VDV_Beveren_0770-1102x1536.jpg 1102w, https:\/\/cdn.boostwellness.be\/wp-content\/uploads\/2025-10-21_VDV_Beveren_0770-1470x2048.jpg 1470w, https:\/\/cdn.boostwellness.be\/wp-content\/uploads\/2025-10-21_VDV_Beveren_0770-1378x1920.jpg 1378w, https:\/\/cdn.boostwellness.be\/wp-content\/uploads\/2025-10-21_VDV_Beveren_0770.jpg 1599w\" sizes=\"(max-width: 735px) 100vw, 735px\" \/>            <div data-aos=\"fade-up\" class=\"gc-cwv__image-decorator\"><\/div>\n        <\/figure>\n            <\/div>\n        <div class=\"gc-cwv__second-column\">\n                    <\/div>\n<\/div>\n<\/section>\n<!--\n    Title: Content with visual\n-->\n\n<section class=\"gc-cwv gc-cwv--content-on-left gc-cwv--smaller-bottom-margin gc-cwv--is-reversed\">\n    <!--\n    Title: Container\n    Mode: preview\n    SupportsJSX: true\n    Blueprint: false\n-->\n\n\n<div class=\"gc-container gc-container--has-margin gc-cwv__container\">\n    <div class=\"gc-cwv__first-column\">\n            <figure class=\"gc-cwv__image-wrapper\">\n            <img decoding=\"async\" width=\"683\" height=\"1024\" src=\"https:\/\/cdn.boostwellness.be\/wp-content\/uploads\/2025-10-21_VDV_Beveren_0468-683x1024.jpg\" class=\"gc-cwv__image\" alt=\"\" data-no-lazy=\"\" data-aos=\"fade-up\" data-aos-delay=\"200\" srcset=\"https:\/\/cdn.boostwellness.be\/wp-content\/uploads\/2025-10-21_VDV_Beveren_0468-683x1024.jpg 683w, https:\/\/cdn.boostwellness.be\/wp-content\/uploads\/2025-10-21_VDV_Beveren_0468-200x300.jpg 200w, https:\/\/cdn.boostwellness.be\/wp-content\/uploads\/2025-10-21_VDV_Beveren_0468-768x1152.jpg 768w, https:\/\/cdn.boostwellness.be\/wp-content\/uploads\/2025-10-21_VDV_Beveren_0468-1024x1536.jpg 1024w, https:\/\/cdn.boostwellness.be\/wp-content\/uploads\/2025-10-21_VDV_Beveren_0468-1366x2048.jpg 1366w, https:\/\/cdn.boostwellness.be\/wp-content\/uploads\/2025-10-21_VDV_Beveren_0468-1280x1920.jpg 1280w, https:\/\/cdn.boostwellness.be\/wp-content\/uploads\/2025-10-21_VDV_Beveren_0468-scaled.jpg 1707w\" sizes=\"(max-width: 683px) 100vw, 683px\" \/>            <div data-aos=\"fade-up\" class=\"gc-cwv__image-decorator\"><\/div>\n        <\/figure>\n            <\/div>\n        <div class=\"gc-cwv__second-column\">\n                    <\/div>\n<\/div>\n<\/section>\n<!--\n    Title: Call To Action\n-->\n\n<section class=\"gc-cta gc-cta--with-image\">\n    <!--\n    Title: Container\n    Mode: preview\n    SupportsJSX: true\n    Blueprint: false\n-->\n\n\n<div class=\"gc-container gc-container--has-margin gc-cta__container\">\n    <div class=\"gc-cta__container-inner\">\n            <div class=\"gc-cta__content\" data-aos=\"fade-up\" data-aos-delay=\"400\">\n                <h2 class=\"gc-cta__title h1\">\n                    Restaurants\n                <\/h2>\n                <div class=\"gc-cta__description\">\n                    <p>Vous souhaitez combiner votre visite dans notre centre de bien-\u00eatre avec un d\u00e9licieux d\u00e9jeuner, un brunch ou un d\u00eener ? C&rsquo;est \u00e9galement possible ! L&rsquo;h\u00f4tel Beveren dispose de trois restaurants diff\u00e9rents (OZZO, Nest et Jardin) o\u00f9 vous pouvez vous rendre pour profiter d&rsquo;une s\u00e9ance de bien-\u00eatre relaxante. Vous pouvez facilement faire une r\u00e9servation s\u00e9par\u00e9e pour le restaurant de votre choix.   <\/p>\n\n                <\/div>\n                                <a href=\"https:\/\/www.hotelbeveren.be\/restaurant\" target=\"_vide\" class=\"gc-button gc-button--default gc-cta__button\" rel=\"noopener\">\n                                    Meer info &amp; reserveren\n                    \n            <\/a>\n                                    <\/div>\n            <div class=\"gc-cta__image-wrapper\" data-aos=\"fade-up\">\n                <img decoding=\"async\" width=\"1\" height=\"1\" src=\"https:\/\/cdn.boostwellness.be\/wp-content\/uploads\/NEST_5-scaled.jpg\" class=\"gc-cta__image\" alt=\"\" \/>            <\/div>\n        <\/div>\n<\/div>\n<\/section>\n","protected":false},"excerpt":{"rendered":"","protected":false},"author":2,"featured_media":0,"parent":0,"menu_order":0,"comment_status":"closed","ping_status":"closed","template":"","meta":{"_acf_changed":false,"footnotes":""},"class_list":["post-1750","page","type-page","status-publish","hentry"],"acf":[],"_links":{"self":[{"href":"https:\/\/www.boostwellness.be\/fr\/wp-json\/wp\/v2\/pages\/1750","targetHints":{"allow":["GET"]}}],"collection":[{"href":"https:\/\/www.boostwellness.be\/fr\/wp-json\/wp\/v2\/pages"}],"about":[{"href":"https:\/\/www.boostwellness.be\/fr\/wp-json\/wp\/v2\/types\/page"}],"author":[{"embeddable":true,"href":"https:\/\/www.boostwellness.be\/fr\/wp-json\/wp\/v2\/users\/2"}],"replies":[{"embeddable":true,"href":"https:\/\/www.boostwellness.be\/fr\/wp-json\/wp\/v2\/comments?post=1750"}],"version-history":[{"count":7,"href":"https:\/\/www.boostwellness.be\/fr\/wp-json\/wp\/v2\/pages\/1750\/revisions"}],"predecessor-version":[{"id":1819,"href":"https:\/\/www.boostwellness.be\/fr\/wp-json\/wp\/v2\/pages\/1750\/revisions\/1819"}],"wp:attachment":[{"href":"https:\/\/www.boostwellness.be\/fr\/wp-json\/wp\/v2\/media?parent=1750"}],"curies":[{"name":"wp","href":"https:\/\/api.w.org\/{rel}","templated":true}]}}