{"id":1754,"date":"2026-02-10T10:28:23","date_gmt":"2026-02-10T09:28:23","guid":{"rendered":"https:\/\/www.boostwellness.be\/produits\/"},"modified":"2026-02-13T11:20:03","modified_gmt":"2026-02-13T10:20:03","slug":"produits","status":"publish","type":"page","link":"https:\/\/www.boostwellness.be\/fr\/produits\/","title":{"rendered":"Produits"},"content":{"rendered":"<!--\n    Title: Hero\n-->\n\n<section class=\"gc-hero gc-hero--margin-bottom\" x-data=\"hero\" x-init=\"init\" @scroll.window=\"onScroll\">\n    <!--\n    Title: Container\n    Mode: preview\n    SupportsJSX: true\n    Blueprint: false\n-->\n\n\n<div class=\"gc-container gc-container--narrow gc-hero__container\">\n    <div class=\"gc-hero__wrapper gc-hero__wrapper--center\">\n                            <div class=\"gc-breadcrumbs gc-hero__breadcrumbs\">\n    <\/div>\n                        <h1 class=\"gc-hero__title\" data-aos=\"fade-up\" data-aos-delay=\"150\">\n                Produits\n            <\/h1>\n            <div class=\"gc-hero__content\" data-aos=\"fade-up\" data-aos-delay=\"300\">\n                <p>Chez Boost, vous prolongez votre traitement chez vous sans effort. Les produits de soins de Mesoestetic, les parfums de bien-\u00eatre raffin\u00e9s de l&rsquo;Atelier Rebul et le soin des cils et des sourcils de My Bloss sont \u00e9l\u00e9gamment pr\u00e9sent\u00e9s dans notre vitrine. Demandez-les apr\u00e8s votre traitement, votre visite dans notre centre de bien-\u00eatre ou simplement \u00e0 notre r\u00e9ception !  <\/p>\n\n            <\/div>\n                                        <div class=\"gc-hero__decorator\" data-aos=\"fade-up\" data-aos-delay=\"600\"><\/div>\n                    <\/div>\n<\/div>\n    <div class=\"gc-hero__parallax\" data-aos=zoom-in>\n                    <img width=\"1\" height=\"1\" src=\"https:\/\/cdn.boostwellness.be\/wp-content\/uploads\/2025-07-23_VDV_Beveren_0453.jpg\" class=\"gc-hero__image\" alt=\"\" loading=\"eager\" decoding=\"sync\" style=\"transform: translateY(0px);\" x-ref=\"image\" \/>            <\/div>\n<\/section>\n\n\n<!--\n    Title: Content with visual\n-->\n\n<section class=\"gc-cwv gc-cwv--smaller-bottom-margin\">\n    <!--\n    Title: Container\n    Mode: preview\n    SupportsJSX: true\n    Blueprint: false\n-->\n\n\n<div class=\"gc-container gc-container--has-margin gc-cwv__container\">\n    <div class=\"gc-cwv__first-column\">\n            <figure class=\"gc-cwv__image-wrapper\">\n            <img decoding=\"async\" width=\"1\" height=\"1\" src=\"https:\/\/cdn.boostwellness.be\/wp-content\/uploads\/2025-07-23_VDV_Beveren_0447.jpg\" class=\"gc-cwv__image\" alt=\"\" data-no-lazy=\"\" data-aos=\"fade-up\" data-aos-delay=\"200\" \/>            <div data-aos=\"fade-up\" class=\"gc-cwv__image-decorator\"><\/div>\n        <\/figure>\n            <\/div>\n        <div class=\"gc-cwv__second-column\">\n            <div class=\"gc-cwv__content\">\n        <h2 class=\"gc-cwv__title h1\" data-aos=\"fade-up\" data-aos-delay=\"400\">\n\t\t<span class=\"gc-cwv__title-inner\">\n                Mesoestetic\n            <\/span>\n            <span class=\"gc-cwv__title-decorator\"><\/span>\n\t<\/h2>        <div data-aos=\"fade-up\" data-aos-delay=\"600\">\n            <div class=\"gc-cwv__text\">\n                <p>Chez Mesoestetic, les soins de la peau sont consid\u00e9r\u00e9s comme une science fond\u00e9e sur des preuves cliniques, la pr\u00e9cision et l&rsquo;excellence. Mesoestetic est sp\u00e9cialis\u00e9 dans les solutions de <strong>traitement anti-\u00e2ge, anti-acn\u00e9, de protection solaire et de d\u00e9pigmentation<\/strong>, o\u00f9 il est leader mondial. <\/p>\n\n            <\/div>\n                            <div class=\"gc-cwv__buttons\">\n                                            <a\n        href=\"https:\/\/www.boostwellness.be\/fr\/mesoestetic\/\" class=\"gc-button\">\n                                    D\u00e9couvrez nos produits\n                    \n            <\/a>\n                                            <\/div>\n                    <\/div>\n    <\/div>\n        <\/div>\n<\/div>\n<\/section>\n\n\n<!--\n    Title: Content with visual\n-->\n\n<section class=\"gc-cwv gc-cwv--content-on-left gc-cwv--smaller-bottom-margin gc-cwv--is-reversed\">\n    <!--\n    Title: Container\n    Mode: preview\n    SupportsJSX: true\n    Blueprint: false\n-->\n\n\n<div class=\"gc-container gc-container--has-margin gc-cwv__container\">\n    <div class=\"gc-cwv__first-column\">\n            <figure class=\"gc-cwv__image-wrapper\">\n            <img decoding=\"async\" width=\"1\" height=\"1\" src=\"https:\/\/cdn.boostwellness.be\/wp-content\/uploads\/2025-07-23_VDV_Beveren_0764.jpg\" class=\"gc-cwv__image\" alt=\"\" data-no-lazy=\"\" data-aos=\"fade-up\" data-aos-delay=\"200\" \/>            <div data-aos=\"fade-up\" class=\"gc-cwv__image-decorator\"><\/div>\n        <\/figure>\n            <\/div>\n        <div class=\"gc-cwv__second-column\">\n            <div class=\"gc-cwv__content\">\n        <h2 class=\"gc-cwv__title h1\" data-aos=\"fade-up\" data-aos-delay=\"400\">\n\t\t<span class=\"gc-cwv__title-inner\">\n                Atelier Rebul\n            <\/span>\n            <span class=\"gc-cwv__title-decorator\"><\/span>\n\t<\/h2>        <div data-aos=\"fade-up\" data-aos-delay=\"600\">\n            <div class=\"gc-cwv__text\">\n                <p>L&rsquo;Atelier Rebul fabrique des produits de soins et des parfums depuis 1895. Ils n&rsquo;utilisent pas de produits chimiques tels que les parab\u00e8nes, les huiles min\u00e9rales et les phtalates dans leurs produits et proposent des produits pour toute la famille et tous les types de peau. Chez Boost, vous pouvez vous procurer toute la <strong>collection Istanbul<\/strong>.  <\/p>\n\n            <\/div>\n                            <div class=\"gc-cwv__buttons\">\n                                            <a\n        href=\"https:\/\/www.boostwellness.be\/fr\/atelier-rebul\/\" class=\"gc-button\">\n                                    D\u00e9couvrez nos produits\n                    \n            <\/a>\n                                            <\/div>\n                    <\/div>\n    <\/div>\n        <\/div>\n<\/div>\n<\/section>\n\n\n<!--\n    Title: Content with visual\n-->\n\n<section class=\"gc-cwv\">\n    <!--\n    Title: Container\n    Mode: preview\n    SupportsJSX: true\n    Blueprint: false\n-->\n\n\n<div class=\"gc-container gc-container--has-margin gc-cwv__container\">\n    <div class=\"gc-cwv__first-column\">\n            <figure class=\"gc-cwv__image-wrapper\">\n            <img decoding=\"async\" width=\"1\" height=\"1\" src=\"https:\/\/cdn.boostwellness.be\/wp-content\/uploads\/IMG_9864.jpeg\" class=\"gc-cwv__image\" alt=\"\" data-no-lazy=\"\" data-aos=\"fade-up\" data-aos-delay=\"200\" \/>            <div data-aos=\"fade-up\" class=\"gc-cwv__image-decorator\"><\/div>\n        <\/figure>\n            <\/div>\n        <div class=\"gc-cwv__second-column\">\n            <div class=\"gc-cwv__content\">\n        <h2 class=\"gc-cwv__title h1\" data-aos=\"fade-up\" data-aos-delay=\"400\">\n\t\t<span class=\"gc-cwv__title-inner\">\n                My Bloss\n            <\/span>\n            <span class=\"gc-cwv__title-decorator\"><\/span>\n\t<\/h2>        <div data-aos=\"fade-up\" data-aos-delay=\"600\">\n            <div class=\"gc-cwv__text\">\n                <p>D\u00e9couvrez My Bloss, la marque belge de produits de beaut\u00e9 pour des <strong>cils et des sourcils<\/strong> sains et <strong>fournis<\/strong>. Vegan, respectueux des animaux et test\u00e9 dermatologiquement. My Bloss propose divers s\u00e9rums pour cils et sourcils, des coussinets pour les yeux, des mascaras et bien plus encore.<\/p>\n\n            <\/div>\n                            <div class=\"gc-cwv__buttons\">\n                                            <a\n        href=\"https:\/\/www.boostwellness.be\/fr\/my-bloss\/\" class=\"gc-button\">\n                                    D\u00e9couvrez nos produits\n                    \n            <\/a>\n                                            <\/div>\n                    <\/div>\n    <\/div>\n        <\/div>\n<\/div>\n<\/section>\n","protected":false},"excerpt":{"rendered":"","protected":false},"author":2,"featured_media":0,"parent":0,"menu_order":0,"comment_status":"closed","ping_status":"closed","template":"","meta":{"_acf_changed":false,"footnotes":""},"class_list":["post-1754","page","type-page","status-publish","hentry"],"acf":[],"_links":{"self":[{"href":"https:\/\/www.boostwellness.be\/fr\/wp-json\/wp\/v2\/pages\/1754","targetHints":{"allow":["GET"]}}],"collection":[{"href":"https:\/\/www.boostwellness.be\/fr\/wp-json\/wp\/v2\/pages"}],"about":[{"href":"https:\/\/www.boostwellness.be\/fr\/wp-json\/wp\/v2\/types\/page"}],"author":[{"embeddable":true,"href":"https:\/\/www.boostwellness.be\/fr\/wp-json\/wp\/v2\/users\/2"}],"replies":[{"embeddable":true,"href":"https:\/\/www.boostwellness.be\/fr\/wp-json\/wp\/v2\/comments?post=1754"}],"version-history":[{"count":3,"href":"https:\/\/www.boostwellness.be\/fr\/wp-json\/wp\/v2\/pages\/1754\/revisions"}],"predecessor-version":[{"id":1789,"href":"https:\/\/www.boostwellness.be\/fr\/wp-json\/wp\/v2\/pages\/1754\/revisions\/1789"}],"wp:attachment":[{"href":"https:\/\/www.boostwellness.be\/fr\/wp-json\/wp\/v2\/media?parent=1754"}],"curies":[{"name":"wp","href":"https:\/\/api.w.org\/{rel}","templated":true}]}}