{"id":567,"date":"2025-05-19T16:42:27","date_gmt":"2025-05-19T14:42:27","guid":{"rendered":"https:\/\/www.boostwellness.be\/massages\/"},"modified":"2026-04-22T14:55:14","modified_gmt":"2026-04-22T12:55:14","slug":"massages","status":"publish","type":"page","link":"https:\/\/www.boostwellness.be\/fr\/massages\/","title":{"rendered":"Massages"},"content":{"rendered":"<!--\n    Title: Hero\n-->\n\n<section class=\"gc-hero gc-hero--margin-bottom\" x-data=\"hero\" x-init=\"init\" @scroll.window=\"onScroll\">\n    <!--\n    Title: Container\n    Mode: preview\n    SupportsJSX: true\n    Blueprint: false\n-->\n\n\n<div class=\"gc-container gc-container--narrow gc-hero__container\">\n    <div class=\"gc-hero__wrapper gc-hero__wrapper--center\">\n                            <div class=\"gc-breadcrumbs gc-hero__breadcrumbs\">\n    <\/div>\n                        <h1 class=\"gc-hero__title\" data-aos=\"fade-up\" data-aos-delay=\"150\">\n                Massages\n            <\/h1>\n            <div class=\"gc-hero__content\" data-aos=\"fade-up\" data-aos-delay=\"300\">\n                <p>Laissez le stress de la vie quotidienne s&rsquo;\u00e9vaporer avec un massage relaxant chez Boost Wellness.<\/p>\n\n            <\/div>\n                            <div class=\"gc-hero__buttons\" data-aos=\"fade-up\" data-aos-delay=\"450\">\n                                            <a href=\"https:\/\/widget.onlineafspraken.nl\/consumer\/booking\/book\/key\/fgfe55wrdx94-fbdz14\/l\/31112\/ln\/nl\/t\/80c0cc\/f\/110d0111\/o\/theme:advanced,dp:modern\/c\/c6df9c,ded7a7,6d2a0c,6d2a0c,ded7a7&amp;lt;,6d2a0c,0,fff\/at\/0\/rs\/0\/pp\/0\/output\/html\" class=\"gc-button\" target=\"_blank\" rel=\"noopener\">\n                                    r\u00e9server en ligne\n                    \n            <\/a>\n                                            <\/div>\n                                        <div class=\"gc-hero__decorator\" data-aos=\"fade-up\" data-aos-delay=\"600\"><\/div>\n                    <\/div>\n<\/div>\n    <div class=\"gc-hero__parallax\" >\n                    <video controls src=\"https:\/\/www.boostwellness.be\/wp-content\/uploads\/Video5_Behandelingen_16X9_V2.mp4\" autoplay muted playsinline loop class=\"gc-hero__image\" x-ref=\"image\"><\/video>            <\/div>\n<\/section>\n<!--\n    Title: Content With Prices\n-->\n\n<section class=\"gc-cwp\">\n    <!--\n    Title: Container\n    Mode: preview\n    SupportsJSX: true\n    Blueprint: false\n-->\n\n\n<div class=\"gc-container gc-container--narrow gc-cwp__container\">\n    <div class=\"gc-cwp__content\">\n            <h2 class=\"gc-cwp__title h1\">\n                \n            <\/h2>\n            <div class=\"gc-cwp__description\">\n                <p>Oubliez le stress du quotidien avec un massage relaxant chez Boost Wellness. Nos th\u00e9rapeutes professionnels adaptent chaque massage \u00e0 vos besoins, pour une d\u00e9tente totale du corps et de l&rsquo;esprit. Choisissez parmi une large gamme de soins, comme un massage relaxant classique, un massage musculaire profond, un massage aux pierres chaudes ou encore un massage d&rsquo;aromath\u00e9rapie.  <\/p>\n\n            <\/div>\n                            <table class=\"gc-cwp__table gc-cwp__table--top-spacing\">\n                                                                <tr class=\"gc-cwp__tr\">\n                            <td class=\"gc-cwp__td gc-cwp__td-head\">\n                                <div class=\"gc-cwp__row-title\">Massage corporel relaxant<\/div>\n                                                                    <div class=\"gc-cwp__row-description\"><p>Ce massage des points de pression utilise des huiles aromatiques. Ces huiles procurent une d\u00e9tente accrue du corps et de l&rsquo;esprit. Elles r\u00e9duisent la pression exerc\u00e9e sur les muscles et les nerfs. Votre corps retrouve alors un \u00e9tat de d\u00e9tente et vous vous sentez lib\u00e9r\u00e9 de toute excitation.   <\/p>\n<\/div>\n                                                            <\/td>\n                            <td class=\"gc-cwp__td gc-cwp__td-right\">\n                                                                89,00 \u20ac\n                            <\/td>\n                                                        <td class=\"gc-cwp__td gc-cwp__td-right\">\n                                                                50 minutes\n                            <\/td>\n                        <\/tr>\n                                            <tr class=\"gc-cwp__tr\">\n                            <td class=\"gc-cwp__td gc-cwp__td-head\">\n                                <div class=\"gc-cwp__row-title\">Massage relaxant en duo<\/div>\n                                                                    <div class=\"gc-cwp__row-description\"><p>Massage complet du corps qui stimule la circulation sanguine et \u00e9limine les toxines. Les muscles fatigu\u00e9s et tendus sont soulag\u00e9s. Ce massage convient \u00e0 toute personne souffrant de douleurs ou de blocages, mais aussi \u00e0 toute personne souhaitant une relaxation profonde.  <\/p>\n<\/div>\n                                                            <\/td>\n                            <td class=\"gc-cwp__td gc-cwp__td-right\">\n                                                                \u20ac178,00\n                            <\/td>\n                                                        <td class=\"gc-cwp__td gc-cwp__td-right\">\n                                                                50 minutes\n                            <\/td>\n                        <\/tr>\n                                            <tr class=\"gc-cwp__tr\">\n                            <td class=\"gc-cwp__td gc-cwp__td-head\">\n                                <div class=\"gc-cwp__row-title\">Massage aromatique tha\u00eflandais<\/div>\n                                                                    <div class=\"gc-cwp__row-description\"><p>Massage complet du corps, qui stimule la circulation sanguine et \u00e9limine les toxines. Les muscles fatigu\u00e9s et tendus sont soulag\u00e9s. Ce massage convient \u00e0 toute personne souffrant de douleurs ou de blocages, mais aussi \u00e0 toute personne souhaitant une relaxation profonde.  <\/p>\n<\/div>\n                                                            <\/td>\n                            <td class=\"gc-cwp__td gc-cwp__td-right\">\n                                                                95,00 \u20ac\n                            <\/td>\n                                                        <td class=\"gc-cwp__td gc-cwp__td-right\">\n                                                                50 minutes\n                            <\/td>\n                        <\/tr>\n                                            <tr class=\"gc-cwp__tr\">\n                            <td class=\"gc-cwp__td gc-cwp__td-head\">\n                                <div class=\"gc-cwp__row-title\">Massage des tissus profonds<\/div>\n                                                                    <div class=\"gc-cwp__row-description\"><p>Le <strong data-start=\"81\" data-end=\"104\">massage des tissus profonds<\/strong> est une forme intensive de massage qui cible les couches musculaires profondes et le tissu conjonctif. Gr\u00e2ce \u00e0 des techniques fermes et cibl\u00e9es, les tensions et les n\u0153uds sont lib\u00e9r\u00e9s, ce qui contribue \u00e0 r\u00e9duire les douleurs chroniques, les raideurs et la fatigue musculaire. Id\u00e9al pour les personnes souffrant de tensions profondes ou en convalescence apr\u00e8s un effort physique.  <\/p>\n<\/div>\n                                                            <\/td>\n                            <td class=\"gc-cwp__td gc-cwp__td-right\">\n                                                                95,00 \u20ac  \n                            <\/td>\n                                                        <td class=\"gc-cwp__td gc-cwp__td-right\">\n                                                                50 minutes\n                            <\/td>\n                        <\/tr>\n                                            <tr class=\"gc-cwp__tr\">\n                            <td class=\"gc-cwp__td gc-cwp__td-head\">\n                                <div class=\"gc-cwp__row-title\">Massage aux pierres chaudes<\/div>\n                                                                    <div class=\"gc-cwp__row-description\"><p>La th\u00e9rapie aux pierres chaudes est un massage par la chaleur, un v\u00e9ritable bienfait pour le corps et l&rsquo;esprit. La chaleur des pierres p\u00e9n\u00e8tre profond\u00e9ment dans les muscles et procure une relaxation profonde. La pression des pierres cr\u00e9e un effet relaxant sur les muscles. Le m\u00e9lange de chaleur et d&rsquo;ar\u00f4mes accro\u00eet la sensation de bien-\u00eatre et vous permet de vous d\u00e9tendre compl\u00e8tement.   <\/p>\n<\/div>\n                                                            <\/td>\n                            <td class=\"gc-cwp__td gc-cwp__td-right\">\n                                                                99,00 \u20ac\n                            <\/td>\n                                                        <td class=\"gc-cwp__td gc-cwp__td-right\">\n                                                                50 minutes\n                            <\/td>\n                        <\/tr>\n                                            <tr class=\"gc-cwp__tr\">\n                            <td class=\"gc-cwp__td gc-cwp__td-head\">\n                                <div class=\"gc-cwp__row-title\">Peeling et massage corporel luxueux<\/div>\n                                                                    <div class=\"gc-cwp__row-description\"><p>Ce peeling et ce massage relaxant vous permettront de profiter d&rsquo;un nettoyage en profondeur de votre peau. Gr\u00e2ce aux propri\u00e9t\u00e9s bienfaisantes du beurre de karit\u00e9, votre peau devient douce et souple, am\u00e9liorant ainsi son \u00e9lasticit\u00e9. <\/p>\n<\/div>\n                                                            <\/td>\n                            <td class=\"gc-cwp__td gc-cwp__td-right\">\n                                                                99,00 \u20ac\n                            <\/td>\n                                                        <td class=\"gc-cwp__td gc-cwp__td-right\">\n                                                                50 minutes\n                            <\/td>\n                        <\/tr>\n                                            <tr class=\"gc-cwp__tr\">\n                            <td class=\"gc-cwp__td gc-cwp__td-head\">\n                                <div class=\"gc-cwp__row-title\">Massage d\u00e9tox<\/div>\n                                                                    <div class=\"gc-cwp__row-description\"><p>D\u00e9tendez-vous pendant ce massage relaxant et imaginez-vous dans une ambiance marocaine. Des compresses chaudes \u00e0 la menthe r\u00e9chauffent le corps et dilatent les pores. L&rsquo;huile d&rsquo;argan, aussi appel\u00e9e \u00ab&nbsp;or marocain&nbsp;\u00bb, nourrit intens\u00e9ment la peau. Riche en vitamine E, un puissant antioxydant, elle fait des merveilles pour la peau et est reconnue pour lutter contre le vieillissement cutan\u00e9.    <\/p>\n<\/div>\n                                                            <\/td>\n                            <td class=\"gc-cwp__td gc-cwp__td-right\">\n                                                                109,00 \u20ac\n                            <\/td>\n                                                        <td class=\"gc-cwp__td gc-cwp__td-right\">\n                                                                50 minutes\n                            <\/td>\n                        <\/tr>\n                                    <\/table>\n            \n                            <div class=\"gc-cwp__buttons\">\n                                            <a href=\"https:\/\/widget.onlineafspraken.nl\/consumer\/booking\/book\/key\/fgfe55wrdx94-fbdz14\/l\/31112\/ln\/nl\/t\/80c0cc\/f\/110d0111\/o\/theme:advanced,dp:modern\/c\/c6df9c,ded7a7,6d2a0c,6d2a0c,ded7a7&amp;lt;,6d2a0c,0,fff\/at\/0\/rs\/0\/pp\/0\/output\/html\" class=\"gc-button  gc-cwp__button\" target=\"_blank\" rel=\"noopener\">\n                                    R\u00e9servez maintenant\n                    \n            <\/a>\n                                            <\/div>\n                    <\/div>\n<\/div>\n<\/section>\n<!--\n    Title: Call To Action\n-->\n\n<section class=\"gc-cta\">\n    <!--\n    Title: Container\n    Mode: preview\n    SupportsJSX: true\n    Blueprint: false\n-->\n\n\n<div class=\"gc-container  gc-cta__container\">\n    <div class=\"gc-cta__container-inner\">\n            <div class=\"gc-cta__content\" data-aos=\"fade-up\" data-aos-delay=\"400\">\n                <h2 class=\"gc-cta__title h1\">\n                    Peau et beaut\u00e9\n                <\/h2>\n                <div class=\"gc-cta__description\">\n                    <p>Chez Boost Wellness Skin &amp; Beauty, prenez soin de vous et obtenez des r\u00e9sultats \u00e9clatants. Choisissez parmi nos soins du visage bienfaisants, comme les Hydrafacials, le microneedling et bien d&rsquo;autres, adapt\u00e9s \u00e0 votre type de peau et \u00e0 vos besoins. Laissez-vous \u00e9galement chouchouter par des soins beaut\u00e9 professionnels pour vos ongles, vos sourcils et vos cils. Quittez notre espace bien-\u00eatre avec un teint frais et une sensation de d\u00e9tente. Nos sp\u00e9cialistes vous garantissent une approche personnalis\u00e9e et utilisent des produits de qualit\u00e9 pour des r\u00e9sultats optimaux. Offrez-vous un \u00e9clat suppl\u00e9mentaire, de l&rsquo;int\u00e9rieur comme de l&rsquo;ext\u00e9rieur.     <\/p>\n\n                <\/div>\n                                <a href=\"https:\/\/www.boostwellness.be\/fr\/peau-et-beaute\/\" class=\"gc-button gc-button--default gc-cta__button\">\n                                    D\u00e9couvrez nos soins\n                    \n            <\/a>\n                                    <\/div>\n            <div class=\"gc-cta__image-wrapper\" data-aos=\"fade-up\">\n                            <\/div>\n        <\/div>\n<\/div>\n<\/section>\n<!--\n    Title: Call To Action\n-->\n\n<section class=\"gc-cta gc-cta--with-image\">\n    <!--\n    Title: Container\n    Mode: preview\n    SupportsJSX: true\n    Blueprint: false\n-->\n\n\n<div class=\"gc-container gc-container--has-margin gc-cta__container\">\n    <div class=\"gc-cta__container-inner\">\n            <div class=\"gc-cta__content\" data-aos=\"fade-up\" data-aos-delay=\"400\">\n                <h2 class=\"gc-cta__title h1\">\n                    Piscine et fitness\n                <\/h2>\n                <div class=\"gc-cta__description\">\n                    <p>Vivez une d\u00e9tente ultime dans la piscine int\u00e9rieure chauff\u00e9e de 12 m\u00e8tres de long de Boost Wellness. Cette luxueuse piscine int\u00e9rieure offre un cadre relaxant avec vue sur notre pelouse verdoyante. <\/p>\n<p>Faites des longueurs tranquilles, profitez de l&rsquo;atmosph\u00e8re sereine et ressourcez-vous. Combinez votre s\u00e9ance de natation avec une visite dans nos installations bien-\u00eatre pour une exp\u00e9rience bien-\u00eatre compl\u00e8te. <\/p>\n\n                <\/div>\n                                <a href=\"https:\/\/www.boostwellness.be\/fr\/piscine-et-fitness\/\" class=\"gc-button gc-button--default gc-cta__button\">\n                                    d\u00e9couvrez maintenant\n                    \n            <\/a>\n                                    <\/div>\n            <div class=\"gc-cta__image-wrapper\" data-aos=\"fade-up\">\n                <img decoding=\"async\" width=\"1024\" height=\"429\" src=\"https:\/\/cdn.boostwellness.be\/wp-content\/uploads\/5ee2c1d5201f72d8971901725725470c-1024x429.jpg\" class=\"gc-cta__image\" alt=\"\" srcset=\"https:\/\/cdn.boostwellness.be\/wp-content\/uploads\/5ee2c1d5201f72d8971901725725470c-1024x429.jpg 1024w, https:\/\/cdn.boostwellness.be\/wp-content\/uploads\/5ee2c1d5201f72d8971901725725470c-300x126.jpg 300w, https:\/\/cdn.boostwellness.be\/wp-content\/uploads\/5ee2c1d5201f72d8971901725725470c-768x321.jpg 768w, https:\/\/cdn.boostwellness.be\/wp-content\/uploads\/5ee2c1d5201f72d8971901725725470c-1536x643.jpg 1536w, https:\/\/cdn.boostwellness.be\/wp-content\/uploads\/5ee2c1d5201f72d8971901725725470c.jpg 1620w\" sizes=\"(max-width: 1024px) 100vw, 1024px\" \/>            <\/div>\n        <\/div>\n<\/div>\n<\/section>\n","protected":false},"excerpt":{"rendered":"","protected":false},"author":1,"featured_media":0,"parent":0,"menu_order":0,"comment_status":"closed","ping_status":"closed","template":"","meta":{"_acf_changed":false,"footnotes":""},"class_list":["post-567","page","type-page","status-publish","hentry"],"acf":[],"_links":{"self":[{"href":"https:\/\/www.boostwellness.be\/fr\/wp-json\/wp\/v2\/pages\/567","targetHints":{"allow":["GET"]}}],"collection":[{"href":"https:\/\/www.boostwellness.be\/fr\/wp-json\/wp\/v2\/pages"}],"about":[{"href":"https:\/\/www.boostwellness.be\/fr\/wp-json\/wp\/v2\/types\/page"}],"author":[{"embeddable":true,"href":"https:\/\/www.boostwellness.be\/fr\/wp-json\/wp\/v2\/users\/1"}],"replies":[{"embeddable":true,"href":"https:\/\/www.boostwellness.be\/fr\/wp-json\/wp\/v2\/comments?post=567"}],"version-history":[{"count":5,"href":"https:\/\/www.boostwellness.be\/fr\/wp-json\/wp\/v2\/pages\/567\/revisions"}],"predecessor-version":[{"id":1820,"href":"https:\/\/www.boostwellness.be\/fr\/wp-json\/wp\/v2\/pages\/567\/revisions\/1820"}],"wp:attachment":[{"href":"https:\/\/www.boostwellness.be\/fr\/wp-json\/wp\/v2\/media?parent=567"}],"curies":[{"name":"wp","href":"https:\/\/api.w.org\/{rel}","templated":true}]}}