{"id":570,"date":"2025-05-19T16:42:36","date_gmt":"2025-05-19T14:42:36","guid":{"rendered":"https:\/\/www.boostwellness.be\/peau-et-beaute\/"},"modified":"2025-08-28T14:19:30","modified_gmt":"2025-08-28T12:19:30","slug":"peau-et-beaute","status":"publish","type":"page","link":"https:\/\/www.boostwellness.be\/fr\/peau-et-beaute\/","title":{"rendered":"Peau et beaut\u00e9"},"content":{"rendered":"<!--\n    Title: Hero\n-->\n\n<section class=\"gc-hero gc-hero--margin-bottom\" x-data=\"hero\" x-init=\"init\" @scroll.window=\"onScroll\">\n    <!--\n    Title: Container\n    Mode: preview\n    SupportsJSX: true\n    Blueprint: false\n-->\n\n\n<div class=\"gc-container gc-container--narrow gc-hero__container\">\n    <div class=\"gc-hero__wrapper gc-hero__wrapper--center\">\n                            <div class=\"gc-breadcrumbs gc-hero__breadcrumbs\">\n    <\/div>\n                        <h1 class=\"gc-hero__title\" data-aos=\"fade-up\" data-aos-delay=\"150\">\n                Peau et beaut\u00e9\n            <\/h1>\n            <div class=\"gc-hero__content\" data-aos=\"fade-up\" data-aos-delay=\"300\">\n                <p>Chez Boost Wellness, vous pourrez profiter de soins du visage et de beaut\u00e9 professionnels tels que les Hydrafacials, le microneedling, le soin des ongles, le coiffage des sourcils et des cils.<\/p>\n\n            <\/div>\n                            <div class=\"gc-hero__buttons\" data-aos=\"fade-up\" data-aos-delay=\"450\">\n                                            <a href=\"https:\/\/widget.onlineafspraken.nl\/consumer\/booking\/book\/key\/fgfe55wrdx94-fbdz14\/l\/31112\/ln\/nl\/t\/8080cc\/f\/110d0111\/o\/theme:advanced,dp:modern\/c\/00aeef,c7c7bb,6d2a0c,6d2a0c,ded7a7%3C,6d2a0c,0,fff\/at\/0\/rs\/0\/pp\/0\/output\/html\" class=\"gc-button\" target=\"_blank\" rel=\"noopener\">\n                                    r\u00e9server en ligne\n                    \n            <\/a>\n                                            <\/div>\n                                        <div class=\"gc-hero__decorator\" data-aos=\"fade-up\" data-aos-delay=\"600\"><\/div>\n                    <\/div>\n<\/div>\n    <div class=\"gc-hero__parallax\" data-aos=zoom-in>\n                    <img width=\"1\" height=\"1\" src=\"https:\/\/cdn.boostwellness.be\/wp-content\/uploads\/Ontwerp-zonder-titel-48.png\" class=\"gc-hero__image\" alt=\"\" loading=\"eager\" decoding=\"sync\" style=\"transform: translateY(0px);\" x-ref=\"image\" \/>            <\/div>\n<\/section>\n<!--\n    Title: Content with visual\n-->\n\n<section class=\"gc-cwv gc-cwv--smaller-bottom-margin\">\n    <!--\n    Title: Container\n    Mode: preview\n    SupportsJSX: true\n    Blueprint: false\n-->\n\n\n<div class=\"gc-container gc-container--has-margin gc-cwv__container\">\n    <div class=\"gc-cwv__first-column\">\n            <figure class=\"gc-cwv__image-wrapper\">\n            <img decoding=\"async\" width=\"800\" height=\"1000\" src=\"https:\/\/cdn.boostwellness.be\/wp-content\/uploads\/Ontwerp-zonder-titel-49.png\" class=\"gc-cwv__image\" alt=\"\" data-no-lazy=\"\" data-aos=\"fade-up\" data-aos-delay=\"200\" srcset=\"https:\/\/cdn.boostwellness.be\/wp-content\/uploads\/Ontwerp-zonder-titel-49.png 800w, https:\/\/cdn.boostwellness.be\/wp-content\/uploads\/Ontwerp-zonder-titel-49-240x300.png 240w, https:\/\/cdn.boostwellness.be\/wp-content\/uploads\/Ontwerp-zonder-titel-49-768x960.png 768w\" sizes=\"(max-width: 800px) 100vw, 800px\" \/>            <div data-aos=\"fade-up\" class=\"gc-cwv__image-decorator\"><\/div>\n        <\/figure>\n            <\/div>\n        <div class=\"gc-cwv__second-column\">\n            <div class=\"gc-cwv__content\">\n        <h2 class=\"gc-cwv__title h1\" data-aos=\"fade-up\" data-aos-delay=\"400\">\n\t\t<span class=\"gc-cwv__title-inner\">\n                Scan du visage\n            <\/span>\n            <span class=\"gc-cwv__title-decorator\"><\/span>\n\t<\/h2>        <div data-aos=\"fade-up\" data-aos-delay=\"600\">\n            <div class=\"gc-cwv__text\">\n                <p>Gr\u00e2ce \u00e0 un scan du visage, nous cartographions avec pr\u00e9cision l&rsquo;\u00e9tat de votre peau gr\u00e2ce \u00e0 une technologie de pointe. Cette analyse r\u00e9v\u00e8le, entre autres, votre \u00e9quilibre hydrique, vos pores, votre pigmentation et votre texture cutan\u00e9e. Cela nous permet de vous prodiguer des conseils cibl\u00e9s et de vous proposer un traitement personnalis\u00e9. R\u00e9sultat&nbsp;? Une approche plus efficace et une peau visiblement am\u00e9lior\u00e9e.   <\/p>\n\n            <\/div>\n                            <div class=\"gc-cwv__buttons\">\n                                            <a href=\"https:\/\/www.boostwellness.be\/face-scan\/\" class=\"gc-button\">\n                                    Plus d&#039;infos\n                    \n            <\/a>\n                                            <\/div>\n                    <\/div>\n    <\/div>\n        <\/div>\n<\/div>\n<\/section>\n<!--\n    Title: Content with visual\n-->\n\n<section class=\"gc-cwv gc-cwv--content-on-left gc-cwv--smaller-top-margin gc-cwv--smaller-bottom-margin gc-cwv--is-reversed\">\n    <!--\n    Title: Container\n    Mode: preview\n    SupportsJSX: true\n    Blueprint: false\n-->\n\n\n<div class=\"gc-container gc-container--has-margin gc-cwv__container\">\n    <div class=\"gc-cwv__first-column\">\n            <figure class=\"gc-cwv__image-wrapper\">\n            <img decoding=\"async\" width=\"800\" height=\"1000\" src=\"https:\/\/cdn.boostwellness.be\/wp-content\/uploads\/Ontwerp-zonder-titel-50.png\" class=\"gc-cwv__image\" alt=\"\" data-no-lazy=\"\" data-aos=\"fade-up\" data-aos-delay=\"200\" srcset=\"https:\/\/cdn.boostwellness.be\/wp-content\/uploads\/Ontwerp-zonder-titel-50.png 800w, https:\/\/cdn.boostwellness.be\/wp-content\/uploads\/Ontwerp-zonder-titel-50-240x300.png 240w, https:\/\/cdn.boostwellness.be\/wp-content\/uploads\/Ontwerp-zonder-titel-50-768x960.png 768w\" sizes=\"(max-width: 800px) 100vw, 800px\" \/>            <div data-aos=\"fade-up\" class=\"gc-cwv__image-decorator\"><\/div>\n        <\/figure>\n            <\/div>\n        <div class=\"gc-cwv__second-column\">\n            <div class=\"gc-cwv__content\">\n        <h2 class=\"gc-cwv__title h1\" data-aos=\"fade-up\" data-aos-delay=\"400\">\n\t\t<span class=\"gc-cwv__title-inner\">\n                Hydrafacial\n            <\/span>\n            <span class=\"gc-cwv__title-decorator\"><\/span>\n\t<\/h2>        <div data-aos=\"fade-up\" data-aos-delay=\"600\">\n            <div class=\"gc-cwv__text\">\n                <p>L&rsquo;HydraFacial est un soin du visage \u00e0 la fois intensif et doux qui nettoie, exfolie, hydrate et nourrit votre peau en profondeur en une seule s\u00e9ance. L&rsquo;association d&rsquo;une technologie avanc\u00e9e et de s\u00e9rums actifs \u00e9limine les impuret\u00e9s et donne \u00e0 votre peau un \u00e9clat sain instantan\u00e9. Ce soin convient \u00e0 tous les types de peau et aide \u00e0 att\u00e9nuer les ridules, les pores dilat\u00e9s, le teint terne et les impuret\u00e9s.  <\/p>\n\n            <\/div>\n                            <div class=\"gc-cwv__buttons\">\n                                            <a href=\"https:\/\/www.boostwellness.be\/hydrafacial\/\" class=\"gc-button\">\n                                    Plus d&#039;infos\n                    \n            <\/a>\n                                            <\/div>\n                    <\/div>\n    <\/div>\n        <\/div>\n<\/div>\n<\/section>\n<!--\n    Title: Content with visual\n-->\n\n<section class=\"gc-cwv gc-cwv--smaller-top-margin gc-cwv--smaller-bottom-margin\">\n    <!--\n    Title: Container\n    Mode: preview\n    SupportsJSX: true\n    Blueprint: false\n-->\n\n\n<div class=\"gc-container gc-container--has-margin gc-cwv__container\">\n    <div class=\"gc-cwv__first-column\">\n            <figure class=\"gc-cwv__image-wrapper\">\n            <img decoding=\"async\" width=\"800\" height=\"1000\" src=\"https:\/\/cdn.boostwellness.be\/wp-content\/uploads\/Ontwerp-zonder-titel-44.png\" class=\"gc-cwv__image\" alt=\"\" data-no-lazy=\"\" data-aos=\"fade-up\" data-aos-delay=\"200\" srcset=\"https:\/\/cdn.boostwellness.be\/wp-content\/uploads\/Ontwerp-zonder-titel-44.png 800w, https:\/\/cdn.boostwellness.be\/wp-content\/uploads\/Ontwerp-zonder-titel-44-240x300.png 240w, https:\/\/cdn.boostwellness.be\/wp-content\/uploads\/Ontwerp-zonder-titel-44-768x960.png 768w\" sizes=\"(max-width: 800px) 100vw, 800px\" \/>            <div data-aos=\"fade-up\" class=\"gc-cwv__image-decorator\"><\/div>\n        <\/figure>\n            <\/div>\n        <div class=\"gc-cwv__second-column\">\n            <div class=\"gc-cwv__content\">\n        <h2 class=\"gc-cwv__title h1\" data-aos=\"fade-up\" data-aos-delay=\"400\">\n\t\t<span class=\"gc-cwv__title-inner\">\n                Soins du visage\n            <\/span>\n            <span class=\"gc-cwv__title-decorator\"><\/span>\n\t<\/h2>        <div data-aos=\"fade-up\" data-aos-delay=\"600\">\n            <div class=\"gc-cwv__text\">\n                <p>Nos soins du visage classiques sont des soins relaxants qui nettoient, nourrissent et r\u00e9g\u00e9n\u00e8rent la peau. Adapt\u00e9s \u00e0 votre type de peau, ils contribuent \u00e0 am\u00e9liorer son \u00e9tat, \u00e0 r\u00e9duire les impuret\u00e9s et \u00e0 raviver son \u00e9clat naturel. Chaque soin comprend un nettoyage en profondeur, un peeling, un masque et un soin avec des produits de qualit\u00e9. Id\u00e9al pour ceux qui souhaitent chouchouter leur peau et profiter d&rsquo;un moment de d\u00e9tente.   <\/p>\n\n            <\/div>\n                            <div class=\"gc-cwv__buttons\">\n                                            <a href=\"https:\/\/www.boostwellness.be\/facials\/\" class=\"gc-button\">\n                                    Plus d&#039;infos\n                    \n            <\/a>\n                                            <\/div>\n                    <\/div>\n    <\/div>\n        <\/div>\n<\/div>\n<\/section>\n<!--\n    Title: Content with visual\n-->\n\n<section class=\"gc-cwv gc-cwv--content-on-left gc-cwv--smaller-top-margin gc-cwv--smaller-bottom-margin gc-cwv--is-reversed\">\n    <!--\n    Title: Container\n    Mode: preview\n    SupportsJSX: true\n    Blueprint: false\n-->\n\n\n<div class=\"gc-container gc-container--has-margin gc-cwv__container\">\n    <div class=\"gc-cwv__first-column\">\n            <figure class=\"gc-cwv__image-wrapper\">\n            <img decoding=\"async\" width=\"800\" height=\"1000\" src=\"https:\/\/cdn.boostwellness.be\/wp-content\/uploads\/Ontwerp-zonder-titel-51.png\" class=\"gc-cwv__image\" alt=\"\" data-no-lazy=\"\" data-aos=\"fade-up\" data-aos-delay=\"200\" srcset=\"https:\/\/cdn.boostwellness.be\/wp-content\/uploads\/Ontwerp-zonder-titel-51.png 800w, https:\/\/cdn.boostwellness.be\/wp-content\/uploads\/Ontwerp-zonder-titel-51-240x300.png 240w, https:\/\/cdn.boostwellness.be\/wp-content\/uploads\/Ontwerp-zonder-titel-51-768x960.png 768w\" sizes=\"(max-width: 800px) 100vw, 800px\" \/>            <div data-aos=\"fade-up\" class=\"gc-cwv__image-decorator\"><\/div>\n        <\/figure>\n            <\/div>\n        <div class=\"gc-cwv__second-column\">\n            <div class=\"gc-cwv__content\">\n        <h2 class=\"gc-cwv__title h1\" data-aos=\"fade-up\" data-aos-delay=\"400\">\n\t\t<span class=\"gc-cwv__title-inner\">\n                Microneedling\n            <\/span>\n            <span class=\"gc-cwv__title-decorator\"><\/span>\n\t<\/h2>        <div data-aos=\"fade-up\" data-aos-delay=\"600\">\n            <div class=\"gc-cwv__text\">\n                <p>Le microneedling est un traitement efficace pour l&rsquo;am\u00e9lioration de la peau. Il consiste \u00e0 cr\u00e9er des microcanaux dans la peau \u00e0 l&rsquo;aide de fines aiguilles. Cela stimule la production naturelle de collag\u00e8ne et d&rsquo;\u00e9lastine, pour une peau plus ferme, plus lisse et plus uniforme. Le microneedling est id\u00e9al pour les ridules, les cicatrices d&rsquo;acn\u00e9, les pores dilat\u00e9s et les taches pigmentaires.  <\/p>\n\n            <\/div>\n                            <div class=\"gc-cwv__buttons\">\n                                            <a href=\"https:\/\/www.boostwellness.be\/microneedling\/\" class=\"gc-button\">\n                                    Plus d&#039;infos\n                    \n            <\/a>\n                                            <\/div>\n                    <\/div>\n    <\/div>\n        <\/div>\n<\/div>\n<\/section>\n<!--\n    Title: Content with visual\n-->\n\n<section class=\"gc-cwv gc-cwv--smaller-top-margin gc-cwv--smaller-bottom-margin\">\n    <!--\n    Title: Container\n    Mode: preview\n    SupportsJSX: true\n    Blueprint: false\n-->\n\n\n<div class=\"gc-container gc-container--has-margin gc-cwv__container\">\n    <div class=\"gc-cwv__first-column\">\n            <figure class=\"gc-cwv__image-wrapper\">\n            <img decoding=\"async\" width=\"800\" height=\"1000\" src=\"https:\/\/cdn.boostwellness.be\/wp-content\/uploads\/Ontwerp-zonder-titel-52.png\" class=\"gc-cwv__image\" alt=\"\" data-no-lazy=\"\" data-aos=\"fade-up\" data-aos-delay=\"200\" srcset=\"https:\/\/cdn.boostwellness.be\/wp-content\/uploads\/Ontwerp-zonder-titel-52.png 800w, https:\/\/cdn.boostwellness.be\/wp-content\/uploads\/Ontwerp-zonder-titel-52-240x300.png 240w, https:\/\/cdn.boostwellness.be\/wp-content\/uploads\/Ontwerp-zonder-titel-52-768x960.png 768w\" sizes=\"(max-width: 800px) 100vw, 800px\" \/>            <div data-aos=\"fade-up\" class=\"gc-cwv__image-decorator\"><\/div>\n        <\/figure>\n            <\/div>\n        <div class=\"gc-cwv__second-column\">\n            <div class=\"gc-cwv__content\">\n        <h2 class=\"gc-cwv__title h1\" data-aos=\"fade-up\" data-aos-delay=\"400\">\n\t\t<span class=\"gc-cwv__title-inner\">\n                Sourcils et cils\n            <\/span>\n            <span class=\"gc-cwv__title-decorator\"><\/span>\n\t<\/h2>        <div data-aos=\"fade-up\" data-aos-delay=\"600\">\n            <div class=\"gc-cwv__text\">\n                <p>Sublimez votre regard avec nos soins sourcils et cils. Optez pour une mise en forme ou une lamination des sourcils pour des sourcils parfaitement dessin\u00e9s et fournis, adapt\u00e9s \u00e0 votre visage. Avec un rehaussement de cils, vos cils naturels sont recourb\u00e9s et ouverts, sans mascara ni extensions. Pour un look frais et soign\u00e9, aux r\u00e9sultats longue dur\u00e9e.   <\/p>\n\n            <\/div>\n                            <div class=\"gc-cwv__buttons\">\n                                            <a href=\"https:\/\/www.boostwellness.be\/brows-lashes\/\" class=\"gc-button\">\n                                    Plus d&#039;infos\n                    \n            <\/a>\n                                            <\/div>\n                    <\/div>\n    <\/div>\n        <\/div>\n<\/div>\n<\/section>\n<!--\n    Title: Content with visual\n-->\n\n<section class=\"gc-cwv gc-cwv--content-on-left gc-cwv--smaller-top-margin gc-cwv--smaller-bottom-margin gc-cwv--is-reversed\">\n    <!--\n    Title: Container\n    Mode: preview\n    SupportsJSX: true\n    Blueprint: false\n-->\n\n\n<div class=\"gc-container gc-container--has-margin gc-cwv__container\">\n    <div class=\"gc-cwv__first-column\">\n            <figure class=\"gc-cwv__image-wrapper\">\n            <img decoding=\"async\" width=\"513\" height=\"705\" src=\"https:\/\/cdn.boostwellness.be\/wp-content\/uploads\/c82109dbc84f0b4d8dd0b353fe3da949-1.jpg\" class=\"gc-cwv__image\" alt=\"\" data-no-lazy=\"\" data-aos=\"fade-up\" data-aos-delay=\"200\" srcset=\"https:\/\/cdn.boostwellness.be\/wp-content\/uploads\/c82109dbc84f0b4d8dd0b353fe3da949-1.jpg 513w, https:\/\/cdn.boostwellness.be\/wp-content\/uploads\/c82109dbc84f0b4d8dd0b353fe3da949-1-218x300.jpg 218w\" sizes=\"(max-width: 513px) 100vw, 513px\" \/>            <div data-aos=\"fade-up\" class=\"gc-cwv__image-decorator\"><\/div>\n        <\/figure>\n            <\/div>\n        <div class=\"gc-cwv__second-column\">\n            <div class=\"gc-cwv__content\">\n        <h2 class=\"gc-cwv__title h1\" data-aos=\"fade-up\" data-aos-delay=\"400\">\n\t\t<span class=\"gc-cwv__title-inner\">\n                \u00c9pilation au laser\n            <\/span>\n            <span class=\"gc-cwv__title-decorator\"><\/span>\n\t<\/h2>        <div data-aos=\"fade-up\" data-aos-delay=\"600\">\n            <div class=\"gc-cwv__text\">\n                <p>Dites adieu aux poils ind\u00e9sirables gr\u00e2ce \u00e0 notre \u00e9pilation laser. Ce traitement efficace et pratiquement indolore \u00e9limine durablement les poils des jambes, des aisselles, du maillot, du visage et bien plus encore. Gr\u00e2ce \u00e0 sa technologie avanc\u00e9e, ce traitement est s\u00fbr et adapt\u00e9 \u00e0 tous les types de peau. Apr\u00e8s quelques s\u00e9ances, vous profiterez d&rsquo;une peau douce et lisse, sans rasage ni \u00e9pilation \u00e0 la cire. Pour un r\u00e9sultat soyeux, toute l&rsquo;ann\u00e9e.    <\/p>\n\n            <\/div>\n                            <div class=\"gc-cwv__buttons\">\n                                            <a href=\"https:\/\/www.boostwellness.be\/laser-hair-removal\/\" class=\"gc-button\">\n                                    Plus d&#039;infos\n                    \n            <\/a>\n                                            <\/div>\n                    <\/div>\n    <\/div>\n        <\/div>\n<\/div>\n<\/section>\n<!--\n    Title: Content with visual\n-->\n\n<section class=\"gc-cwv gc-cwv--smaller-top-margin gc-cwv--smaller-bottom-margin\">\n    <!--\n    Title: Container\n    Mode: preview\n    SupportsJSX: true\n    Blueprint: false\n-->\n\n\n<div class=\"gc-container gc-container--has-margin gc-cwv__container\">\n    <div class=\"gc-cwv__first-column\">\n            <figure class=\"gc-cwv__image-wrapper\">\n            <img decoding=\"async\" width=\"513\" height=\"705\" src=\"https:\/\/cdn.boostwellness.be\/wp-content\/uploads\/a5e06e73e4ebadb7cefbf07764503f10-1.jpg\" class=\"gc-cwv__image\" alt=\"\" data-no-lazy=\"\" data-aos=\"fade-up\" data-aos-delay=\"200\" srcset=\"https:\/\/cdn.boostwellness.be\/wp-content\/uploads\/a5e06e73e4ebadb7cefbf07764503f10-1.jpg 513w, https:\/\/cdn.boostwellness.be\/wp-content\/uploads\/a5e06e73e4ebadb7cefbf07764503f10-1-218x300.jpg 218w\" sizes=\"(max-width: 513px) 100vw, 513px\" \/>            <div data-aos=\"fade-up\" class=\"gc-cwv__image-decorator\"><\/div>\n        <\/figure>\n            <\/div>\n        <div class=\"gc-cwv__second-column\">\n            <div class=\"gc-cwv__content\">\n        <h2 class=\"gc-cwv__title h1\" data-aos=\"fade-up\" data-aos-delay=\"400\">\n\t\t<span class=\"gc-cwv__title-inner\">\n                Barre de cire\n            <\/span>\n            <span class=\"gc-cwv__title-decorator\"><\/span>\n\t<\/h2>        <div data-aos=\"fade-up\" data-aos-delay=\"600\">\n            <div class=\"gc-cwv__text\">\n                <p>Pour une peau parfaitement lisse, optez pour nos \u00e9pilations professionnelles \u00e0 la cire. Nous utilisons une cire de haute qualit\u00e9 pour une \u00e9pilation efficace, hygi\u00e9nique et respectueuse de la peau, notamment des jambes, du maillot, des aisselles, du visage et bien plus encore. Nos sp\u00e9cialistes exp\u00e9riment\u00e9s vous garantissent un traitement tout en douceur et des r\u00e9sultats durables.  <\/p>\n\n            <\/div>\n                            <div class=\"gc-cwv__buttons\">\n                                            <a href=\"https:\/\/www.boostwellness.be\/waxbar\/\" class=\"gc-button\">\n                                    Plus d&#039;infos\n                    \n            <\/a>\n                                            <\/div>\n                    <\/div>\n    <\/div>\n        <\/div>\n<\/div>\n<\/section>\n<!--\n    Title: Content with visual\n-->\n\n<section class=\"gc-cwv gc-cwv--content-on-left gc-cwv--smaller-top-margin gc-cwv--is-reversed\">\n    <!--\n    Title: Container\n    Mode: preview\n    SupportsJSX: true\n    Blueprint: false\n-->\n\n\n<div class=\"gc-container gc-container--has-margin gc-cwv__container\">\n    <div class=\"gc-cwv__first-column\">\n            <figure class=\"gc-cwv__image-wrapper\">\n            <img decoding=\"async\" width=\"800\" height=\"1000\" src=\"https:\/\/cdn.boostwellness.be\/wp-content\/uploads\/Ontwerp-zonder-titel-53.png\" class=\"gc-cwv__image\" alt=\"\" data-no-lazy=\"\" data-aos=\"fade-up\" data-aos-delay=\"200\" srcset=\"https:\/\/cdn.boostwellness.be\/wp-content\/uploads\/Ontwerp-zonder-titel-53.png 800w, https:\/\/cdn.boostwellness.be\/wp-content\/uploads\/Ontwerp-zonder-titel-53-240x300.png 240w, https:\/\/cdn.boostwellness.be\/wp-content\/uploads\/Ontwerp-zonder-titel-53-768x960.png 768w\" sizes=\"(max-width: 800px) 100vw, 800px\" \/>            <div data-aos=\"fade-up\" class=\"gc-cwv__image-decorator\"><\/div>\n        <\/figure>\n            <\/div>\n        <div class=\"gc-cwv__second-column\">\n            <div class=\"gc-cwv__content\">\n        <h2 class=\"gc-cwv__title h1\" data-aos=\"fade-up\" data-aos-delay=\"400\">\n\t\t<span class=\"gc-cwv__title-inner\">\n                Ongles par Julie\n            <\/span>\n            <span class=\"gc-cwv__title-decorator\"><\/span>\n\t<\/h2>        <div data-aos=\"fade-up\" data-aos-delay=\"600\">\n            <div class=\"gc-cwv__text\">\n                <p>Chouchoutez vos mains avec nos soins professionnels des ongles. Optez pour des ongles en gel pour une manucure longue dur\u00e9e et r\u00e9sistante, ou optez pour BIAB pour un soin naturel et fortifiant. Gelish offre une couleur longue tenue, sans \u00e9cailles et qui tient bien en place.  <\/p>\n\n            <\/div>\n                            <div class=\"gc-cwv__buttons\">\n                                            <a href=\"https:\/\/www.boostwellness.be\/nails\/\" class=\"gc-button\">\n                                    Plus d&#039;infos\n                    \n            <\/a>\n                                            <\/div>\n                    <\/div>\n    <\/div>\n        <\/div>\n<\/div>\n<\/section>\n\n<p><\/p>\n","protected":false},"excerpt":{"rendered":"","protected":false},"author":1,"featured_media":1366,"parent":0,"menu_order":0,"comment_status":"closed","ping_status":"closed","template":"","meta":{"_acf_changed":false,"footnotes":""},"class_list":["post-570","page","type-page","status-publish","has-post-thumbnail","hentry"],"acf":[],"_links":{"self":[{"href":"https:\/\/www.boostwellness.be\/fr\/wp-json\/wp\/v2\/pages\/570","targetHints":{"allow":["GET"]}}],"collection":[{"href":"https:\/\/www.boostwellness.be\/fr\/wp-json\/wp\/v2\/pages"}],"about":[{"href":"https:\/\/www.boostwellness.be\/fr\/wp-json\/wp\/v2\/types\/page"}],"author":[{"embeddable":true,"href":"https:\/\/www.boostwellness.be\/fr\/wp-json\/wp\/v2\/users\/1"}],"replies":[{"embeddable":true,"href":"https:\/\/www.boostwellness.be\/fr\/wp-json\/wp\/v2\/comments?post=570"}],"version-history":[{"count":16,"href":"https:\/\/www.boostwellness.be\/fr\/wp-json\/wp\/v2\/pages\/570\/revisions"}],"predecessor-version":[{"id":994,"href":"https:\/\/www.boostwellness.be\/fr\/wp-json\/wp\/v2\/pages\/570\/revisions\/994"}],"wp:featuredmedia":[{"embeddable":true,"href":"https:\/\/www.boostwellness.be\/fr\/wp-json\/wp\/v2\/media\/1366"}],"wp:attachment":[{"href":"https:\/\/www.boostwellness.be\/fr\/wp-json\/wp\/v2\/media?parent=570"}],"curies":[{"name":"wp","href":"https:\/\/api.w.org\/{rel}","templated":true}]}}