{"id":574,"date":"2025-05-19T17:37:50","date_gmt":"2025-05-19T15:37:50","guid":{"rendered":"https:\/\/www.boostwellness.be\/soins-du-visage\/"},"modified":"2025-08-27T15:23:05","modified_gmt":"2025-08-27T13:23:05","slug":"soins-du-visage","status":"publish","type":"page","link":"https:\/\/www.boostwellness.be\/fr\/soins-du-visage\/","title":{"rendered":"Soins du visage"},"content":{"rendered":"<!--\n    Title: Hero\n-->\n\n<section class=\"gc-hero gc-hero--margin-bottom\" x-data=\"hero\" x-init=\"init\" @scroll.window=\"onScroll\">\n    <!--\n    Title: Container\n    Mode: preview\n    SupportsJSX: true\n    Blueprint: false\n-->\n\n\n<div class=\"gc-container gc-container--narrow gc-hero__container\">\n    <div class=\"gc-hero__wrapper gc-hero__wrapper--center\">\n                            <div class=\"gc-breadcrumbs gc-hero__breadcrumbs\">\n    <\/div>\n                        <h1 class=\"gc-hero__title\" data-aos=\"fade-up\" data-aos-delay=\"150\">\n                Soins du visage\n            <\/h1>\n            <div class=\"gc-hero__content\" data-aos=\"fade-up\" data-aos-delay=\"300\">\n                <p>Nos soins du visage offrent une approche sur mesure pour chaque type de peau et chaque besoin. Que vous recherchiez une hydratation, un soin anti-\u00e2ge ou un teint \u00e9clatant, nous vous proposerons un soin rafra\u00eechissant et efficace qui sublimera votre peau. <\/p>\n\n            <\/div>\n                            <div class=\"gc-hero__buttons\" data-aos=\"fade-up\" data-aos-delay=\"450\">\n                                            <a href=\"https:\/\/widget.onlineafspraken.nl\/consumer\/booking\/book\/key\/fgfe55wrdx94-fbdz14\/l\/61114\/ln\/nl\/t\/8080cc\/f\/110d0111\/o\/theme:advanced,dp:modern\/c\/00aeef,c7c7bb,6d2a0c,6d2a0c,ded7a7,6d2a0c,0,fff\/at\/0\/rs\/0\/pp\/0\/output\/html\" class=\"gc-button\" target=\"_blank\" rel=\"noopener\">\n                                    r\u00e9server en ligne\n                    \n            <\/a>\n                                            <\/div>\n                                        <div class=\"gc-hero__decorator\" data-aos=\"fade-up\" data-aos-delay=\"600\"><\/div>\n                    <\/div>\n<\/div>\n    <div class=\"gc-hero__parallax\" data-aos=zoom-in>\n                    <img width=\"1\" height=\"1\" src=\"https:\/\/cdn.boostwellness.be\/wp-content\/uploads\/Ontwerp-zonder-titel-60.png\" class=\"gc-hero__image\" alt=\"\" loading=\"eager\" decoding=\"sync\" style=\"transform: translateY(0px);\" x-ref=\"image\" \/>            <\/div>\n<\/section>\n<!--\n    Title: Content With Prices\n-->\n\n<section class=\"gc-cwp\">\n    <!--\n    Title: Container\n    Mode: preview\n    SupportsJSX: true\n    Blueprint: false\n-->\n\n\n<div class=\"gc-container gc-container--narrow gc-cwp__container\">\n    <div class=\"gc-cwp__content\">\n            <h2 class=\"gc-cwp__title h1\">\n                Soins du visage\n            <\/h2>\n            <div class=\"gc-cwp__description\">\n                <p>Nos soins du visage sont bien plus qu&rsquo;un simple soin relaxant. Chez Boost Wellness, nous utilisons les soins professionnels d&rsquo;am\u00e9lioration de la peau de Mesoestetic pour des r\u00e9sultats visibles.<br \/>\n \u00cates-vous nouveau sur Boost ou votre dernier scan cutan\u00e9 remonte-t-il \u00e0 plus de 3 mois&nbsp;?<br \/>\n Nous commen\u00e7ons toujours par un Meet &amp; Treat : une analyse approfondie et un traitement sur mesure. <\/p>\n\n            <\/div>\n            \n                    <\/div>\n<\/div>\n<\/section>\n<!--\n    Title: Content With Prices\n-->\n\n<section class=\"gc-cwp\">\n    <!--\n    Title: Container\n    Mode: preview\n    SupportsJSX: true\n    Blueprint: false\n-->\n\n\n<div class=\"gc-container gc-container--narrow gc-cwp__container\">\n    <div class=\"gc-cwp__content\">\n            <h2 class=\"gc-cwp__title h1\">\n                \n            <\/h2>\n            <div class=\"gc-cwp__description\">\n                \n            <\/div>\n                            <table class=\"gc-cwp__table\">\n                                                                <tr class=\"gc-cwp__tr\">\n                            <td class=\"gc-cwp__td gc-cwp__td-head\">\n                                <div class=\"gc-cwp__row-title\">Dermaplaning + nettoyage<\/div>\n                                                                    <div class=\"gc-cwp__row-description\"><p><strong>Le dermaplaning<\/strong> est un traitement exfoliant manuel qui \u00e9limine d\u00e9licatement les cellules mortes et les poils fins \u00e0 l&rsquo;aide d&rsquo;une lame st\u00e9rile sp\u00e9ciale. R\u00e9sultat&nbsp;: une peau douce et lisse, plus apte \u00e0 absorber les soins et plus \u00e9clatante.<br \/>\n Ceci est combin\u00e9 \u00e0 un nettoyage doux du visage. <\/p>\n<\/div>\n                                                            <\/td>\n                            <td class=\"gc-cwp__td gc-cwp__td-right\">\n                                                                69,00 \u20ac\n                            <\/td>\n                                                        <td class=\"gc-cwp__td gc-cwp__td-right\">\n                                                                25 minutes\n                            <\/td>\n                        <\/tr>\n                                            <tr class=\"gc-cwp__tr\">\n                            <td class=\"gc-cwp__td gc-cwp__td-head\">\n                                <div class=\"gc-cwp__row-title\">Soins du visage classiques<\/div>\n                                                                    <div class=\"gc-cwp__row-description\"><p>Un <strong>soin du visage relaxant et efficace<\/strong> qui nettoie, r\u00e9g\u00e9n\u00e8re et nourrit la peau. Adapt\u00e9 \u00e0 votre type de peau, ce soin contribue \u00e0 am\u00e9liorer sa structure, \u00e0 r\u00e9tablir son \u00e9quilibre et \u00e0 sublimer son \u00e9clat naturel. <\/p>\n<\/div>\n                                                            <\/td>\n                            <td class=\"gc-cwp__td gc-cwp__td-right\">\n                                                                79,00 \u20ac\n                            <\/td>\n                                                        <td class=\"gc-cwp__td gc-cwp__td-right\">\n                                                                55 min\n                            <\/td>\n                        <\/tr>\n                                            <tr class=\"gc-cwp__tr\">\n                            <td class=\"gc-cwp__td gc-cwp__td-head\">\n                                <div class=\"gc-cwp__row-title\">Soin du visage de luxe<\/div>\n                                                                    <div class=\"gc-cwp__row-description\"><p>Ce soin va au-del\u00e0 du soin du visage classique et agit encore plus profond\u00e9ment sur <strong>le rajeunissement et la relaxation de la peau<\/strong> . Des r\u00e9sultats visibles et un moment de pur bien-\u00eatre&nbsp;: id\u00e9al pour celles et ceux qui souhaitent sublimer leur peau et s&rsquo;offrir un soin ultime. <\/p>\n<\/div>\n                                                            <\/td>\n                            <td class=\"gc-cwp__td gc-cwp__td-right\">\n                                                                89,00 \u20ac\n                            <\/td>\n                                                        <td class=\"gc-cwp__td gc-cwp__td-right\">\n                                                                55 min\n                            <\/td>\n                        <\/tr>\n                                            <tr class=\"gc-cwp__tr\">\n                            <td class=\"gc-cwp__td gc-cwp__td-head\">\n                                <div class=\"gc-cwp__row-title\">Traitement de l&#039;acn\u00e9<\/div>\n                                                                    <div class=\"gc-cwp__row-description\"><p>Ce soin <strong>cibl\u00e9<\/strong> est con\u00e7u pour traiter efficacement l&rsquo;acn\u00e9, l&rsquo;inflammation, l&rsquo;exc\u00e8s de s\u00e9bum et les imperfections. Il agit \u00e0 la fois sur l&rsquo;acn\u00e9 active et pr\u00e9vient les futures pouss\u00e9es, laissant la peau plus nette, plus lisse et plus saine. Id\u00e9al pour l&rsquo;acn\u00e9 des adolescents et des adultes.  <\/p>\n<p>Ce traitement est recommand\u00e9 en cure de 5.<\/p>\n<\/div>\n                                                            <\/td>\n                            <td class=\"gc-cwp__td gc-cwp__td-right\">\n                                                                120,00 \u20ac\n                            <\/td>\n                                                        <td class=\"gc-cwp__td gc-cwp__td-right\">\n                                                                55 min\n                            <\/td>\n                        <\/tr>\n                                            <tr class=\"gc-cwp__tr\">\n                            <td class=\"gc-cwp__td gc-cwp__td-head\">\n                                <div class=\"gc-cwp__row-title\">Masque Raffermissant Instantan\u00e9 Age Element<\/div>\n                                                                    <div class=\"gc-cwp__row-description\"><p>Le <strong data-start=\"3\" data-end=\"39\">Masque Raffermissant Instantan\u00e9 Age Element<\/strong> est un masque visage professionnel \u00e0 l&rsquo;effet lifting instantan\u00e9, id\u00e9al pour une peau fra\u00eeche et plus ferme. Il <span class=\"relative -mx-px my-[-0.2rem] rounded px-px py-[0.2rem] transition-colors duration-100 ease-in-out\">am\u00e9liore l&rsquo;\u00e9lasticit\u00e9 de la peau et r\u00e9duit le rel\u00e2chement cutan\u00e9,<\/span> <span class=\"relative -mx-px my-[-0.2rem] rounded px-px py-[0.2rem] transition-colors duration-100 ease-in-out\">stimule le renouvellement cellulaire et raffermit le grain de peau,<\/span> <span class=\"relative -mx-px my-[-0.2rem] rounded px-px py-[0.2rem] transition-colors duration-100 ease-in-out\">et absorbe les impuret\u00e9s pour un teint net et \u00e9clatant.<\/span> <\/p>\n<\/div>\n                                                            <\/td>\n                            <td class=\"gc-cwp__td gc-cwp__td-right\">\n                                                                140,00 \u20ac\n                            <\/td>\n                                                        <td class=\"gc-cwp__td gc-cwp__td-right\">\n                                                                55 min\n                            <\/td>\n                        <\/tr>\n                                            <tr class=\"gc-cwp__tr\">\n                            <td class=\"gc-cwp__td gc-cwp__td-head\">\n                                <div class=\"gc-cwp__row-title\">Masque en fibre de cristal de l&#039;\u00e9l\u00e9ment \u00c2ge<\/div>\n                                                                    <div class=\"gc-cwp__row-description\"><p>Le <strong data-start=\"4\" data-end=\"38\">masque Age Element Crystal Fiber<\/strong> est un puissant <strong data-start=\"55\" data-end=\"86\">masque visage en nanofibres 3D<\/strong> qui hydrate en profondeur, raffermit et ravive l&rsquo;\u00e9clat de la peau. <span class=\"relative -mx-px my-[-0.2rem] rounded px-px py-[0.2rem] transition-colors duration-100 ease-in-out\">L&rsquo;association de substances hydratantes et d&rsquo;ingr\u00e9dients raffermissants offre un effet boost intense&nbsp;: les ridules s&rsquo;estompent, l&rsquo;\u00e9lasticit\u00e9 de la peau s&rsquo;am\u00e9liore et un teint frais et uniforme appara\u00eet imm\u00e9diatement<\/span> .<\/p>\n<\/div>\n                                                            <\/td>\n                            <td class=\"gc-cwp__td gc-cwp__td-right\">\n                                                                140,00 \u20ac\n                            <\/td>\n                                                        <td class=\"gc-cwp__td gc-cwp__td-right\">\n                                                                55 min\n                            <\/td>\n                        <\/tr>\n                                    <\/table>\n            \n                            <div class=\"gc-cwp__buttons\">\n                                            <a href=\"https:\/\/widget.onlineafspraken.nl\/consumer\/booking\/book\/key\/fgfe55wrdx94-fbdz14\/l\/61114\/ln\/nl\/t\/8080cc\/f\/110d0111\/o\/theme:advanced,dp:modern\/c\/00aeef,c7c7bb,6d2a0c,6d2a0c,ded7a7,6d2a0c,0,fff\/at\/0\/rs\/0\/pp\/0\/output\/html\" class=\"gc-button  gc-cwp__button\" target=\"_blank\" rel=\"noopener\">\n                                    r\u00e9servez maintenant\n                    \n            <\/a>\n                                            <\/div>\n                    <\/div>\n<\/div>\n<\/section>\n<!--\n    Title: Call To Action\n-->\n\n<section class=\"gc-cta\">\n    <!--\n    Title: Container\n    Mode: preview\n    SupportsJSX: true\n    Blueprint: false\n-->\n\n\n<div class=\"gc-container  gc-cta__container\">\n    <div class=\"gc-cta__container-inner\">\n            <div class=\"gc-cta__content\" data-aos=\"fade-up\" data-aos-delay=\"400\">\n                <h2 class=\"gc-cta__title h1\">\n                    Produits\n                <\/h2>\n                <div class=\"gc-cta__description\">\n                    <p>Pour nos soins du visage, nous utilisons les produits de haute qualit\u00e9 de <strong>Mesoestetic<\/strong> , marque leader en soins de la peau. Mesoestetic propose des formules avanc\u00e9es, scientifiquement prouv\u00e9es, sp\u00e9cialement d\u00e9velopp\u00e9es pour revitaliser, hydrater et prot\u00e9ger la peau. Ces produits contiennent des ingr\u00e9dients actifs puissants qui offrent des r\u00e9sultats visibles rapidement et aident votre peau \u00e0 corriger les irr\u00e9gularit\u00e9s telles que les rides, les taches pigmentaires et le teint terne. Avec Mesoestetic, nous garantissons \u00e0 votre peau des soins les plus efficaces, adapt\u00e9s \u00e0 vos besoins sp\u00e9cifiques.   <\/p>\n<p><strong>Tous les produits utilis\u00e9s lors de nos soins sont \u00e9galement en vente dans notre institut Boost bien-\u00eatre.<\/strong><\/p>\n\n                <\/div>\n                                                <img decoding=\"async\" width=\"334\" height=\"50\" src=\"https:\/\/cdn.boostwellness.be\/wp-content\/uploads\/Marketingplan_catering_HOTELBEVERENxSKBEVEREN_2025-1.png\" class=\"gc-cta__logo\" alt=\"\" srcset=\"https:\/\/cdn.boostwellness.be\/wp-content\/uploads\/Marketingplan_catering_HOTELBEVERENxSKBEVEREN_2025-1.png 334w, https:\/\/cdn.boostwellness.be\/wp-content\/uploads\/Marketingplan_catering_HOTELBEVERENxSKBEVEREN_2025-1-300x45.png 300w\" sizes=\"(max-width: 334px) 100vw, 334px\" \/>            <\/div>\n            <div class=\"gc-cta__image-wrapper\" data-aos=\"fade-up\">\n                            <\/div>\n        <\/div>\n<\/div>\n<\/section>\n<!--\n    Title: Gallery\n-->\n\n<section class=\"gc-gallery block_77e3f3c5805ea17e10b07633b60c22bc\" x-data=\"gallery('block_77e3f3c5805ea17e10b07633b60c22bc')\">\n    <!--\n    Title: Container\n    Mode: preview\n    SupportsJSX: true\n    Blueprint: false\n-->\n\n\n<div class=\"gc-container gc-container--has-margin gc-container--narrow gc-gallery__container\">\n    <a class=\"gc-gallery__link\" href=\"https:\/\/cdn.boostwellness.be\/wp-content\/uploads\/Ontwerp-zonder-titel-51.png\">\n                <img decoding=\"async\" width=\"768\" height=\"960\" src=\"https:\/\/cdn.boostwellness.be\/wp-content\/uploads\/Ontwerp-zonder-titel-51-768x960.png\" class=\"gc-gallery__image\" alt=\"\" srcset=\"https:\/\/cdn.boostwellness.be\/wp-content\/uploads\/Ontwerp-zonder-titel-51-768x960.png 768w, https:\/\/cdn.boostwellness.be\/wp-content\/uploads\/Ontwerp-zonder-titel-51-240x300.png 240w, https:\/\/cdn.boostwellness.be\/wp-content\/uploads\/Ontwerp-zonder-titel-51.png 800w\" sizes=\"(max-width: 768px) 100vw, 768px\" \/>            <\/a>\n                    <a class=\"gc-gallery__link\" href=\"https:\/\/cdn.boostwellness.be\/wp-content\/uploads\/Ontwerp-zonder-titel-56.png\">\n                <img decoding=\"async\" width=\"768\" height=\"960\" src=\"https:\/\/cdn.boostwellness.be\/wp-content\/uploads\/Ontwerp-zonder-titel-56-768x960.png\" class=\"gc-gallery__image\" alt=\"\" srcset=\"https:\/\/cdn.boostwellness.be\/wp-content\/uploads\/Ontwerp-zonder-titel-56-768x960.png 768w, https:\/\/cdn.boostwellness.be\/wp-content\/uploads\/Ontwerp-zonder-titel-56-240x300.png 240w, https:\/\/cdn.boostwellness.be\/wp-content\/uploads\/Ontwerp-zonder-titel-56.png 800w\" sizes=\"(max-width: 768px) 100vw, 768px\" \/>            <\/a>\n                    <a class=\"gc-gallery__link\" href=\"https:\/\/cdn.boostwellness.be\/wp-content\/uploads\/Ontwerp-zonder-titel-44.png\">\n                <img decoding=\"async\" width=\"768\" height=\"960\" src=\"https:\/\/cdn.boostwellness.be\/wp-content\/uploads\/Ontwerp-zonder-titel-44-768x960.png\" class=\"gc-gallery__image\" alt=\"\" srcset=\"https:\/\/cdn.boostwellness.be\/wp-content\/uploads\/Ontwerp-zonder-titel-44-768x960.png 768w, https:\/\/cdn.boostwellness.be\/wp-content\/uploads\/Ontwerp-zonder-titel-44-240x300.png 240w, https:\/\/cdn.boostwellness.be\/wp-content\/uploads\/Ontwerp-zonder-titel-44.png 800w\" sizes=\"(max-width: 768px) 100vw, 768px\" \/>            <\/a>\n                    <a class=\"gc-gallery__link\" href=\"https:\/\/cdn.boostwellness.be\/wp-content\/uploads\/Ontwerp-zonder-titel-62.png\">\n                <img decoding=\"async\" width=\"768\" height=\"600\" src=\"https:\/\/cdn.boostwellness.be\/wp-content\/uploads\/Ontwerp-zonder-titel-62.png\" class=\"gc-gallery__image\" alt=\"\" srcset=\"https:\/\/cdn.boostwellness.be\/wp-content\/uploads\/Ontwerp-zonder-titel-62.png 2560w, https:\/\/cdn.boostwellness.be\/wp-content\/uploads\/Ontwerp-zonder-titel-62-300x234.png 300w, https:\/\/cdn.boostwellness.be\/wp-content\/uploads\/Ontwerp-zonder-titel-62-1024x800.png 1024w\" sizes=\"(max-width: 768px) 100vw, 768px\" \/>            <\/a>\n                    <a class=\"gc-gallery__link\" href=\"https:\/\/cdn.boostwellness.be\/wp-content\/uploads\/Ontwerp-zonder-titel-61.png\">\n                <img decoding=\"async\" width=\"768\" height=\"600\" src=\"https:\/\/cdn.boostwellness.be\/wp-content\/uploads\/Ontwerp-zonder-titel-61.png\" class=\"gc-gallery__image\" alt=\"\" srcset=\"https:\/\/cdn.boostwellness.be\/wp-content\/uploads\/Ontwerp-zonder-titel-61.png 2560w, https:\/\/cdn.boostwellness.be\/wp-content\/uploads\/Ontwerp-zonder-titel-61-300x234.png 300w, https:\/\/cdn.boostwellness.be\/wp-content\/uploads\/Ontwerp-zonder-titel-61-1024x800.png 1024w\" sizes=\"(max-width: 768px) 100vw, 768px\" \/>            <\/a>\n                    <a class=\"gc-gallery__link\" href=\"https:\/\/cdn.boostwellness.be\/wp-content\/uploads\/Ontwerp-zonder-titel-63.png\">\n                <img decoding=\"async\" width=\"768\" height=\"600\" src=\"https:\/\/cdn.boostwellness.be\/wp-content\/uploads\/Ontwerp-zonder-titel-63.png\" class=\"gc-gallery__image\" alt=\"\" srcset=\"https:\/\/cdn.boostwellness.be\/wp-content\/uploads\/Ontwerp-zonder-titel-63.png 2560w, https:\/\/cdn.boostwellness.be\/wp-content\/uploads\/Ontwerp-zonder-titel-63-300x234.png 300w, https:\/\/cdn.boostwellness.be\/wp-content\/uploads\/Ontwerp-zonder-titel-63-1024x800.png 1024w\" sizes=\"(max-width: 768px) 100vw, 768px\" \/>            <\/a>\n<\/div>\n<\/section>\n","protected":false},"excerpt":{"rendered":"","protected":false},"author":1,"featured_media":0,"parent":0,"menu_order":0,"comment_status":"closed","ping_status":"closed","template":"","meta":{"_acf_changed":false,"footnotes":""},"class_list":["post-574","page","type-page","status-publish","hentry"],"acf":[],"_links":{"self":[{"href":"https:\/\/www.boostwellness.be\/fr\/wp-json\/wp\/v2\/pages\/574","targetHints":{"allow":["GET"]}}],"collection":[{"href":"https:\/\/www.boostwellness.be\/fr\/wp-json\/wp\/v2\/pages"}],"about":[{"href":"https:\/\/www.boostwellness.be\/fr\/wp-json\/wp\/v2\/types\/page"}],"author":[{"embeddable":true,"href":"https:\/\/www.boostwellness.be\/fr\/wp-json\/wp\/v2\/users\/1"}],"replies":[{"embeddable":true,"href":"https:\/\/www.boostwellness.be\/fr\/wp-json\/wp\/v2\/comments?post=574"}],"version-history":[{"count":3,"href":"https:\/\/www.boostwellness.be\/fr\/wp-json\/wp\/v2\/pages\/574\/revisions"}],"predecessor-version":[{"id":945,"href":"https:\/\/www.boostwellness.be\/fr\/wp-json\/wp\/v2\/pages\/574\/revisions\/945"}],"wp:attachment":[{"href":"https:\/\/www.boostwellness.be\/fr\/wp-json\/wp\/v2\/media?parent=574"}],"curies":[{"name":"wp","href":"https:\/\/api.w.org\/{rel}","templated":true}]}}