{"id":579,"date":"2025-05-19T17:37:37","date_gmt":"2025-05-19T15:37:37","guid":{"rendered":"https:\/\/www.boostwellness.be\/scan-du-visage\/"},"modified":"2025-08-27T15:22:27","modified_gmt":"2025-08-27T13:22:27","slug":"scan-du-visage","status":"publish","type":"page","link":"https:\/\/www.boostwellness.be\/fr\/scan-du-visage\/","title":{"rendered":"Scan du visage"},"content":{"rendered":"<!--\n    Title: Hero\n-->\n\n<section class=\"gc-hero gc-hero--margin-bottom\" x-data=\"hero\" x-init=\"init\" @scroll.window=\"onScroll\">\n    <!--\n    Title: Container\n    Mode: preview\n    SupportsJSX: true\n    Blueprint: false\n-->\n\n\n<div class=\"gc-container gc-container--narrow gc-hero__container\">\n    <div class=\"gc-hero__wrapper gc-hero__wrapper--center\">\n                            <div class=\"gc-breadcrumbs gc-hero__breadcrumbs\">\n    <\/div>\n                        <h1 class=\"gc-hero__title\" data-aos=\"fade-up\" data-aos-delay=\"150\">\n                Scan du visage\n            <\/h1>\n            <div class=\"gc-hero__content\" data-aos=\"fade-up\" data-aos-delay=\"300\">\n                <p>Gr\u00e2ce \u00e0 un scan du visage, nous cartographions avec pr\u00e9cision l&rsquo;\u00e9tat de votre peau gr\u00e2ce \u00e0 une technologie de pointe.<\/p>\n\n            <\/div>\n                            <div class=\"gc-hero__buttons\" data-aos=\"fade-up\" data-aos-delay=\"450\">\n                                            <a href=\"https:\/\/widget.onlineafspraken.nl\/consumer\/booking\/book\/key\/fgfe55wrdx94-fbdz14\/l\/61114\/ln\/nl\/t\/8080cc\/f\/110d0111\/o\/theme:advanced,dp:modern\/c\/00aeef,c7c7bb,6d2a0c,6d2a0c,ded7a7,6d2a0c,0,fff\/at\/0\/rs\/0\/pp\/0\/output\/html\" class=\"gc-button\" target=\"_blank\" rel=\"noopener\">\n                                    r\u00e9server en ligne\n                    \n            <\/a>\n                                            <\/div>\n                                        <div class=\"gc-hero__decorator\" data-aos=\"fade-up\" data-aos-delay=\"600\"><\/div>\n                    <\/div>\n<\/div>\n    <div class=\"gc-hero__parallax\" data-aos=zoom-in>\n                    <img width=\"1\" height=\"1\" src=\"https:\/\/cdn.boostwellness.be\/wp-content\/uploads\/Ontwerp-zonder-titel-54.png\" class=\"gc-hero__image\" alt=\"\" loading=\"eager\" decoding=\"sync\" style=\"transform: translateY(0px);\" x-ref=\"image\" \/>            <\/div>\n<\/section>\n<!--\n    Title: Content With Prices\n-->\n\n<section class=\"gc-cwp\">\n    <!--\n    Title: Container\n    Mode: preview\n    SupportsJSX: true\n    Blueprint: false\n-->\n\n\n<div class=\"gc-container gc-container-- gc-cwp__container gc-cwp__container--big-width\">\n    <div class=\"gc-cwp__content\">\n            <h2 class=\"gc-cwp__title h1\">\n                Scan du visage\n            <\/h2>\n            <div class=\"gc-cwp__description\">\n                <p>Gr\u00e2ce \u00e0 un scan du visage, nous cartographions avec pr\u00e9cision l&rsquo;\u00e9tat de votre peau gr\u00e2ce \u00e0 une technologie de pointe. Cette analyse r\u00e9v\u00e8le, entre autres, votre \u00e9quilibre hydrique, vos pores, votre pigmentation et votre texture cutan\u00e9e. Cela nous permet de vous prodiguer des conseils cibl\u00e9s et de vous proposer un traitement personnalis\u00e9. R\u00e9sultat&nbsp;? Une approche plus efficace et une peau visiblement am\u00e9lior\u00e9e.   <\/p>\n\n            <\/div>\n            \n                    <\/div>\n<\/div>\n<\/section>\n<!--\n    Title: Tabs With Content\n-->\n\n<section class=\"gc-twc\" x-data=\"{ open: 0 }\">\n    <!--\n    Title: Container\n    Mode: preview\n    SupportsJSX: true\n    Blueprint: false\n-->\n\n\n<div class=\"gc-container gc-container--has-margin gc-twc__container\">\n    <ul class=\"gc-twc__tab-list\">\n                            <li class=\"gc-twc__item\" @click=\"open = 0\"\n                    :class=\"open === 0 &#038;&#038; 'gc-twc__item--active'\">\n                    Scan du visage\n                <\/li>\n                            <li class=\"gc-twc__item\" @click=\"open = 1\"\n                    :class=\"open === 1 &#038;&#038; 'gc-twc__item--active'\">\n                    Rencontre et gourmandise (sur mesure)\n                <\/li>\n                    <\/ul>\n        <div class=\"gc-twc__content\">\n                            <div x-show=\"open === 0\"  class=\"gc-twc__tab-content\">\n                                            <div class=\"gc-twc__tab-content-inner\" x-show=\"open === 0\"\n                            x-transition:enter=\"gc-twc__tab-content-inner--animate\">\n                            <div class=\"gc-twc__description\"><p>Vous souhaitez conna\u00eetre les besoins r\u00e9els de votre peau&nbsp;? Avec notre <strong>scanner EVE-M,<\/strong> nous cartographions en d\u00e9tail l&rsquo;\u00e9tat de votre peau gr\u00e2ce \u00e0 une technologie d&rsquo;imagerie innovante. <\/p>\n<p>L&rsquo;analyse analyse, entre autres :<br \/>\n &#8211; \u00e9quilibre hydrique<br \/>\n &#8211; pores et production de s\u00e9bum<br \/>\n &#8211; pigmentation<br \/>\n &#8211; structure et \u00e9lasticit\u00e9 de la peau<\/p>\n<p>Sur la base de ces donn\u00e9es, vous recevrez des conseils personnalis\u00e9s et scientifiquement fond\u00e9s. Nous cr\u00e9erons ainsi un soin cibl\u00e9 ou une routine sur mesure. <\/p>\n<p><strong>Notre scan est gratuit pour tout achat de 100\u20ac ou plus<\/strong><\/p>\n<\/div>\n                            <div class=\"gc-twc__price h3\">\n                                25 min &#8211; 49,00 \u20ac\n                            <\/div>\n                            <a href=\"https:\/\/widget.onlineafspraken.nl\/consumer\/booking\/book\/key\/fgfe55wrdx94-fbdz14\/l\/61114\/ln\/nl\/t\/8080cc\/f\/110d0111\/o\/theme:advanced,dp:modern\/c\/00aeef,c7c7bb,6d2a0c,6d2a0c,ded7a7,6d2a0c,0,fff\/at\/0\/rs\/0\/pp\/0\/output\/html\" class=\"gc-button  gc-twc__button\" target=\"_blank\" rel=\"noopener\">\n                                    r\u00e9servez maintenant\n                    \n            <\/a>\n                                <\/div>\n                        <div>\n                            <img decoding=\"async\" width=\"800\" height=\"1000\" src=\"https:\/\/cdn.boostwellness.be\/wp-content\/uploads\/Ontwerp-zonder-titel-55.png\" class=\"gc-twc__image\" alt=\"\" x-show=\"open === 0\" x-transition:enter=\"gc-twc__image--animate\" srcset=\"https:\/\/cdn.boostwellness.be\/wp-content\/uploads\/Ontwerp-zonder-titel-55.png 800w, https:\/\/cdn.boostwellness.be\/wp-content\/uploads\/Ontwerp-zonder-titel-55-240x300.png 240w, https:\/\/cdn.boostwellness.be\/wp-content\/uploads\/Ontwerp-zonder-titel-55-768x960.png 768w\" sizes=\"(max-width: 800px) 100vw, 800px\" \/>                        <\/div>\n                                    <\/div>\n                            <div x-show=\"open === 1\"  x-cloak  class=\"gc-twc__tab-content\">\n                                            <div class=\"gc-twc__tab-content-inner\" x-show=\"open === 1\"\n                            x-transition:enter=\"gc-twc__tab-content-inner--animate\">\n                            <div class=\"gc-twc__description\"><p>Pr\u00eat \u00e0 vraiment commencer \u00e0 prendre soin de votre peau ?<br \/>\nApr\u00e8s le scan du visage, nous intervenons imm\u00e9diatement lors de la s\u00e9ance de consultation. En fonction des r\u00e9sultats, nous choisissons un traitement enti\u00e8rement personnalis\u00e9 pour votre peau. Pas d&rsquo;approche standard, mais une <strong>approche personnalis\u00e9e<\/strong> et efficace.  <\/p>\n<p>\u00c0 quoi pouvez-vous vous attendre ?<br \/>\n &#8211; discuter de l&rsquo;analyse de votre scan facial<br \/>\n &#8211; soins de la peau personnalis\u00e9s<br \/>\n &#8211; des conseils cibl\u00e9s sur les produits et les traitements<\/p>\n<p>Ce traitement est id\u00e9al comme premi\u00e8re \u00e9tape de votre parcours cutan\u00e9.<\/p>\n<\/div>\n                            <div class=\"gc-twc__price h3\">\n                                75 min &#8211; \u00c0 partir de 79 \u20ac\n                            <\/div>\n                            <a href=\"https:\/\/widget.onlineafspraken.nl\/consumer\/booking\/book\/key\/fgfe55wrdx94-fbdz14\/l\/61114\/ln\/nl\/t\/8080cc\/f\/110d0111\/o\/theme:advanced,dp:modern\/c\/00aeef,c7c7bb,6d2a0c,6d2a0c,ded7a7,6d2a0c,0,fff\/at\/0\/rs\/0\/pp\/0\/output\/html\" class=\"gc-button  gc-twc__button\" target=\"_blank\" rel=\"noopener\">\n                                    r\u00e9servez maintenant\n                    \n            <\/a>\n                                <\/div>\n                        <div>\n                            <img decoding=\"async\" width=\"800\" height=\"1000\" src=\"https:\/\/cdn.boostwellness.be\/wp-content\/uploads\/Ontwerp-zonder-titel-56.png\" class=\"gc-twc__image\" alt=\"\" x-show=\"open === 1\" x-transition:enter=\"gc-twc__image--animate\" srcset=\"https:\/\/cdn.boostwellness.be\/wp-content\/uploads\/Ontwerp-zonder-titel-56.png 800w, https:\/\/cdn.boostwellness.be\/wp-content\/uploads\/Ontwerp-zonder-titel-56-240x300.png 240w, https:\/\/cdn.boostwellness.be\/wp-content\/uploads\/Ontwerp-zonder-titel-56-768x960.png 768w\" sizes=\"(max-width: 800px) 100vw, 800px\" \/>                        <\/div>\n                                    <\/div>\n                    <\/div>\n<\/div>\n<\/section>\n","protected":false},"excerpt":{"rendered":"","protected":false},"author":1,"featured_media":0,"parent":0,"menu_order":0,"comment_status":"closed","ping_status":"closed","template":"","meta":{"_acf_changed":false,"footnotes":""},"class_list":["post-579","page","type-page","status-publish","hentry"],"acf":[],"_links":{"self":[{"href":"https:\/\/www.boostwellness.be\/fr\/wp-json\/wp\/v2\/pages\/579","targetHints":{"allow":["GET"]}}],"collection":[{"href":"https:\/\/www.boostwellness.be\/fr\/wp-json\/wp\/v2\/pages"}],"about":[{"href":"https:\/\/www.boostwellness.be\/fr\/wp-json\/wp\/v2\/types\/page"}],"author":[{"embeddable":true,"href":"https:\/\/www.boostwellness.be\/fr\/wp-json\/wp\/v2\/users\/1"}],"replies":[{"embeddable":true,"href":"https:\/\/www.boostwellness.be\/fr\/wp-json\/wp\/v2\/comments?post=579"}],"version-history":[{"count":3,"href":"https:\/\/www.boostwellness.be\/fr\/wp-json\/wp\/v2\/pages\/579\/revisions"}],"predecessor-version":[{"id":941,"href":"https:\/\/www.boostwellness.be\/fr\/wp-json\/wp\/v2\/pages\/579\/revisions\/941"}],"wp:attachment":[{"href":"https:\/\/www.boostwellness.be\/fr\/wp-json\/wp\/v2\/media?parent=579"}],"curies":[{"name":"wp","href":"https:\/\/api.w.org\/{rel}","templated":true}]}}